{"id":1366,"date":"2020-12-14T15:37:46","date_gmt":"2020-12-14T08:37:46","guid":{"rendered":"https:\/\/asiamortar.com.vn\/?post_type=product&#038;p=1366"},"modified":"2020-12-14T15:41:31","modified_gmt":"2020-12-14T08:41:31","slug":"am-grout-305","status":"publish","type":"product","link":"https:\/\/asiamortar.com.vn\/kh\/san-pham\/am-grout-305\/","title":{"rendered":"am GROUT 305"},"content":{"rendered":"<p class=\"qtranxs-available-languages-message qtranxs-available-languages-message-kh\">Sorry, this entry is only available in <a href=\"https:\/\/asiamortar.com.vn\/vi\/wp-json\/wp\/v2\/product\/1366\" class=\"qtranxs-available-language-link qtranxs-available-language-link-vi\" title=\"Ti\u1ebfng Vi\u1ec7t\">\u179c\u17c0\u178f\u178e\u17b6\u1798<\/a> and <a href=\"https:\/\/asiamortar.com.vn\/en\/wp-json\/wp\/v2\/product\/1366\" class=\"qtranxs-available-language-link qtranxs-available-language-link-en\" title=\"English\">\u17a2\u1784\u17cb\u1782\u17d2\u179b\u17c1\u179f (\u179f.\u179a.\u17a2)<\/a>.<\/p>","protected":false},"excerpt":{"rendered":"<p class=\"qtranxs-available-languages-message qtranxs-available-languages-message-kh\">Sorry, this entry is only available in <a href=\"https:\/\/asiamortar.com.vn\/vi\/wp-json\/wp\/v2\/product\/1366\" class=\"qtranxs-available-language-link qtranxs-available-language-link-vi\" title=\"Ti\u1ebfng Vi\u1ec7t\">\u179c\u17c0\u178f\u178e\u17b6\u1798<\/a> and <a href=\"https:\/\/asiamortar.com.vn\/en\/wp-json\/wp\/v2\/product\/1366\" class=\"qtranxs-available-language-link qtranxs-available-language-link-en\" title=\"English\">\u17a2\u1784\u17cb\u1782\u17d2\u179b\u17c1\u179f (\u179f.\u179a.\u17a2)<\/a>.<\/p>\n","protected":false},"featured_media":0,"template":"","meta":[],"yoast_head":"<!-- This site is optimized with the Yoast SEO plugin v15.3 - https:\/\/yoast.com\/wordpress\/plugins\/seo\/ -->\n<meta name=\"robots\" content=\"index, follow, max-snippet:-1, max-image-preview:large, max-video-preview:-1\" \/>\n<link rel=\"canonical\" href=\"https:\/\/asiamortar.com.vn\/san-pham\/am-grout-305\/\" \/>\n<meta property=\"og:locale\" content=\"km_KH\" \/>\n<meta property=\"og:type\" content=\"article\" \/>\n<meta property=\"og:title\" content=\"[:vi]am GROUT 305[:en]am GROUT 305[:] - ASIA MORTAR\" \/>\n<meta property=\"og:description\" content=\"[:vi] am GROUT 305 l\u00e0 v\u1eefa kh\u00f4ng co ng\u00f3t, d\u1ea1ng r\u00f3t, \u0111\u01b0\u1ee3c tr\u1ed9n s\u1eb5n g\u1ed1c xi m\u0103ng, t\u1ef1 san b\u1eb1ng ph\u1eb3ng, kh\u00f4ng g\u00e2y ra s\u01b0 \u0103n m\u00f2n v\u00e0 oxi h\u00f3a. H\u1ed7n h\u1ee3p v\u1eefa kh\u00f4ng ch\u1ee9a h\u00e0m l\u01b0\u1ee3ng Clorua v\u00e0 Nitrat. Khi tr\u1ed9n am GROUT 305 v\u1edbi n\u01b0\u1edbc, t\u1ea1o m\u1ed9t h\u1ed7n h\u1ee3p v\u1eefa l\u1ecfng c\u00f3 \u0111\u1ed9 ch\u1ea3y r\u1ea5t cao, kh\u00f4ng ph\u00e2n t\u1ea7ng v\u00e0 t\u00e1ch n\u01b0\u1edbc. Do \u0111\u00f3, c\u00f3 th\u1ec3 thi c\u00f4ng t\u1ea1i nh\u1eefng v\u1ecb tr\u00ed ph\u1ee9c t\u1ea1p nh\u1ea5t. [:en] am GROUT 305 is used extensively for pressure grouting and as a flowable grout. am GROUT 305 is used for repairing structural building members such as pre-cast wall panels, under plates, beams, and columns, and post-tensioned girders. am GROUT 305 may also be used for pressure grouting of concrete structures, filling of rigid joints between elements in concrete and precast concrete structures.[:]\" \/>\n<meta property=\"og:url\" content=\"https:\/\/asiamortar.com.vn\/san-pham\/am-grout-305\/\" \/>\n<meta property=\"og:site_name\" content=\"ASIA MORTAR\" \/>\n<meta property=\"article:modified_time\" content=\"2020-12-14T08:41:31+00:00\" \/>\n<meta name=\"twitter:card\" content=\"summary_large_image\" \/>\n<meta name=\"twitter:label1\" content=\"Written by\">\n\t<meta name=\"twitter:data1\" content=\"Kh\u00e1ch H\u00e0ng Admin\">\n\t<meta name=\"twitter:label2\" content=\"Est. reading time\">\n\t<meta name=\"twitter:data2\" content=\"2 minutes\">\n<script type=\"application\/ld+json\" class=\"yoast-schema-graph\">{\"@context\":\"https:\/\/schema.org\",\"@graph\":[{\"@type\":\"WebSite\",\"@id\":\"https:\/\/asiamortar.com.vn\/ja\/#website\",\"url\":\"https:\/\/asiamortar.com.vn\/ja\/\",\"name\":\"ASIA MORTAR\",\"description\":\"\",\"potentialAction\":[{\"@type\":\"SearchAction\",\"target\":\"https:\/\/asiamortar.com.vn\/ja\/?s={search_term_string}\",\"query-input\":\"required name=search_term_string\"}],\"inLanguage\":\"km-KH\"},{\"@type\":\"WebPage\",\"@id\":\"https:\/\/asiamortar.com.vn\/san-pham\/am-grout-305\/#webpage\",\"url\":\"https:\/\/asiamortar.com.vn\/san-pham\/am-grout-305\/\",\"name\":\"[:vi]am GROUT 305[:en]am GROUT 305[:] - ASIA MORTAR\",\"isPartOf\":{\"@id\":\"https:\/\/asiamortar.com.vn\/ja\/#website\"},\"datePublished\":\"2020-12-14T08:37:46+00:00\",\"dateModified\":\"2020-12-14T08:41:31+00:00\",\"inLanguage\":\"km-KH\",\"potentialAction\":[{\"@type\":\"ReadAction\",\"target\":[\"https:\/\/asiamortar.com.vn\/san-pham\/am-grout-305\/\"]}]}]}<\/script>\n<!-- \/ Yoast SEO plugin. -->","_links":{"self":[{"href":"https:\/\/asiamortar.com.vn\/kh\/wp-json\/wp\/v2\/product\/1366"}],"collection":[{"href":"https:\/\/asiamortar.com.vn\/kh\/wp-json\/wp\/v2\/product"}],"about":[{"href":"https:\/\/asiamortar.com.vn\/kh\/wp-json\/wp\/v2\/types\/product"}],"wp:attachment":[{"href":"https:\/\/asiamortar.com.vn\/kh\/wp-json\/wp\/v2\/media?parent=1366"}],"curies":[{"name":"wp","href":"https:\/\/api.w.org\/{rel}","templated":true}]}}