{"id":1384,"date":"2020-12-17T15:11:11","date_gmt":"2020-12-17T08:11:11","guid":{"rendered":"https:\/\/asiamortar.com.vn\/?post_type=product&#038;p=1384"},"modified":"2020-12-17T15:11:11","modified_gmt":"2020-12-17T08:11:11","slug":"am-water-plug","status":"publish","type":"product","link":"https:\/\/asiamortar.com.vn\/kh\/san-pham\/am-water-plug\/","title":{"rendered":"am WATER PLUG"},"content":{"rendered":"<p class=\"qtranxs-available-languages-message qtranxs-available-languages-message-kh\">Sorry, this entry is only available in <a href=\"https:\/\/asiamortar.com.vn\/vi\/wp-json\/wp\/v2\/product\/1384\" class=\"qtranxs-available-language-link qtranxs-available-language-link-vi\" title=\"Ti\u1ebfng Vi\u1ec7t\">\u179c\u17c0\u178f\u178e\u17b6\u1798<\/a>.<\/p>","protected":false},"excerpt":{"rendered":"<p class=\"qtranxs-available-languages-message qtranxs-available-languages-message-kh\">Sorry, this entry is only available in <a href=\"https:\/\/asiamortar.com.vn\/vi\/wp-json\/wp\/v2\/product\/1384\" class=\"qtranxs-available-language-link qtranxs-available-language-link-vi\" title=\"Ti\u1ebfng Vi\u1ec7t\">\u179c\u17c0\u178f\u178e\u17b6\u1798<\/a>.<\/p>\n","protected":false},"featured_media":0,"template":"","meta":[],"yoast_head":"<!-- This site is optimized with the Yoast SEO plugin v15.3 - https:\/\/yoast.com\/wordpress\/plugins\/seo\/ -->\n<meta name=\"robots\" content=\"index, follow, max-snippet:-1, max-image-preview:large, max-video-preview:-1\" \/>\n<link rel=\"canonical\" href=\"https:\/\/asiamortar.com.vn\/san-pham\/am-water-plug\/\" \/>\n<meta property=\"og:locale\" content=\"km_KH\" \/>\n<meta property=\"og:type\" content=\"article\" \/>\n<meta property=\"og:title\" content=\"[:vi]am WATER PLUG[:] - ASIA MORTAR\" \/>\n<meta property=\"og:description\" content=\"[:vi] am WATER PLUG l\u00e0 v\u1eefa s\u1eeda ch\u1eefa m\u1ed9t th\u00e0nh ph\u1ea7n, g\u1ed1c xi m\u0103ng th\u1ee7y h\u00f3a, \u0111\u00f4ng c\u1ee9ng nhanh, c\u00f3 kh\u1ea3 n\u0103ng ng\u0103n ch\u1eb7n c\u1ea5p th\u1eddi d\u00f2ng n\u01b0\u1edbc ho\u1eb7c r\u00f2 r\u1ec9 t\u1eeb khe n\u1ee9t, l\u1ed5 h\u1ed5ng c\u1ee7a b\u00ea t\u00f4ng, v\u1eefa. D\u1ec5 s\u1eed d\u1ee5ng, kh\u00f4ng c\u1ea7n d\u1ee5ng c\u1ee5 \u0111\u1eb7c bi\u1ec7t trong thi c\u00f4ng. S\u1ea3n ph\u1ea9m \u1edf d\u1ea1ng b\u1ed9t v\u00e0 \u0111\u00f4ng c\u1ee9ng trong v\u00f2ng 3 \u0111\u1ebfn 5 ph\u00fat sau khi tr\u1ed9n v\u1edbi n\u01b0\u1edbc s\u1ea1ch. Th\u1eddi gian \u0111\u00f4ng k\u1ebft n\u00e0y t\u00f9y thu\u1ed9c v\u00e0o nhi\u1ec7t \u0111\u1ed9 b\u1ea3n th\u00e2n s\u1ea3n ph\u1ea9m, n\u01b0\u1edbc tr\u1ed9n, \u0111\u1ed9 \u1ea9m m\u00f4i tr\u01b0\u1eddng, b\u1ec1 m\u1eb7t (tham kh\u1ea3o ph\u1ea7n nhi\u1ec7t \u0111\u1ed9). [:]\" \/>\n<meta property=\"og:url\" content=\"https:\/\/asiamortar.com.vn\/san-pham\/am-water-plug\/\" \/>\n<meta property=\"og:site_name\" content=\"ASIA MORTAR\" \/>\n<meta name=\"twitter:card\" content=\"summary_large_image\" \/>\n<meta name=\"twitter:label1\" content=\"Written by\">\n\t<meta name=\"twitter:data1\" content=\"Kh\u00e1ch H\u00e0ng Admin\">\n\t<meta name=\"twitter:label2\" content=\"Est. reading time\">\n\t<meta name=\"twitter:data2\" content=\"1 minute\">\n<script type=\"application\/ld+json\" class=\"yoast-schema-graph\">{\"@context\":\"https:\/\/schema.org\",\"@graph\":[{\"@type\":\"WebSite\",\"@id\":\"https:\/\/asiamortar.com.vn\/ja\/#website\",\"url\":\"https:\/\/asiamortar.com.vn\/ja\/\",\"name\":\"ASIA MORTAR\",\"description\":\"\",\"potentialAction\":[{\"@type\":\"SearchAction\",\"target\":\"https:\/\/asiamortar.com.vn\/ja\/?s={search_term_string}\",\"query-input\":\"required name=search_term_string\"}],\"inLanguage\":\"km-KH\"},{\"@type\":\"WebPage\",\"@id\":\"https:\/\/asiamortar.com.vn\/san-pham\/am-water-plug\/#webpage\",\"url\":\"https:\/\/asiamortar.com.vn\/san-pham\/am-water-plug\/\",\"name\":\"[:vi]am WATER PLUG[:] - ASIA MORTAR\",\"isPartOf\":{\"@id\":\"https:\/\/asiamortar.com.vn\/ja\/#website\"},\"datePublished\":\"2020-12-17T08:11:11+00:00\",\"dateModified\":\"2020-12-17T08:11:11+00:00\",\"inLanguage\":\"km-KH\",\"potentialAction\":[{\"@type\":\"ReadAction\",\"target\":[\"https:\/\/asiamortar.com.vn\/san-pham\/am-water-plug\/\"]}]}]}<\/script>\n<!-- \/ Yoast SEO plugin. -->","_links":{"self":[{"href":"https:\/\/asiamortar.com.vn\/kh\/wp-json\/wp\/v2\/product\/1384"}],"collection":[{"href":"https:\/\/asiamortar.com.vn\/kh\/wp-json\/wp\/v2\/product"}],"about":[{"href":"https:\/\/asiamortar.com.vn\/kh\/wp-json\/wp\/v2\/types\/product"}],"wp:attachment":[{"href":"https:\/\/asiamortar.com.vn\/kh\/wp-json\/wp\/v2\/media?parent=1384"}],"curies":[{"name":"wp","href":"https:\/\/api.w.org\/{rel}","templated":true}]}}