{"id":1481,"date":"2020-12-31T07:57:35","date_gmt":"2020-12-31T00:57:35","guid":{"rendered":"https:\/\/asiamortar.com.vn\/?post_type=product&#038;p=1481"},"modified":"2025-04-01T14:29:26","modified_gmt":"2025-04-01T07:29:26","slug":"am-render-2","status":"publish","type":"product","link":"https:\/\/asiamortar.com.vn\/kh\/san-pham\/am-render-2\/","title":{"rendered":"AM RENDER"},"content":{"rendered":"<p class=\"qtranxs-available-languages-message qtranxs-available-languages-message-kh\">Sorry, this entry is only available in <a href=\"https:\/\/asiamortar.com.vn\/vi\/wp-json\/wp\/v2\/product\/1481\" class=\"qtranxs-available-language-link qtranxs-available-language-link-vi\" title=\"Ti\u1ebfng Vi\u1ec7t\">\u179c\u17c0\u178f\u178e\u17b6\u1798<\/a> and <a href=\"https:\/\/asiamortar.com.vn\/en\/wp-json\/wp\/v2\/product\/1481\" class=\"qtranxs-available-language-link qtranxs-available-language-link-en\" title=\"English\">\u17a2\u1784\u17cb\u1782\u17d2\u179b\u17c1\u179f (\u179f.\u179a.\u17a2)<\/a>.<\/p>","protected":false},"excerpt":{"rendered":"<p class=\"qtranxs-available-languages-message qtranxs-available-languages-message-kh\">Sorry, this entry is only available in <a href=\"https:\/\/asiamortar.com.vn\/vi\/wp-json\/wp\/v2\/product\/1481\" class=\"qtranxs-available-language-link qtranxs-available-language-link-vi\" title=\"Ti\u1ebfng Vi\u1ec7t\">\u179c\u17c0\u178f\u178e\u17b6\u1798<\/a> and <a href=\"https:\/\/asiamortar.com.vn\/en\/wp-json\/wp\/v2\/product\/1481\" class=\"qtranxs-available-language-link qtranxs-available-language-link-en\" title=\"English\">\u17a2\u1784\u17cb\u1782\u17d2\u179b\u17c1\u179f (\u179f.\u179a.\u17a2)<\/a>.<\/p>\n","protected":false},"featured_media":1306,"template":"","meta":[],"yoast_head":"<!-- This site is optimized with the Yoast SEO plugin v15.3 - https:\/\/yoast.com\/wordpress\/plugins\/seo\/ -->\n<meta name=\"robots\" content=\"index, follow, max-snippet:-1, max-image-preview:large, max-video-preview:-1\" \/>\n<link rel=\"canonical\" href=\"https:\/\/asiamortar.com.vn\/san-pham\/am-render-2\/\" \/>\n<meta property=\"og:locale\" content=\"km_KH\" \/>\n<meta property=\"og:type\" content=\"article\" \/>\n<meta property=\"og:title\" content=\"[:vi]AM RENDER[:en]am Render[:] - ASIA MORTAR\" \/>\n<meta property=\"og:description\" content=\"[:vi]am RENDER l\u00e0 s\u1ea3n ph\u1ea9m v\u1eefa tr\u1ed9n s\u1eb5n t\u1eeb xi m\u0103ng, ph\u1ee5 gia h\u00f3a h\u1ecdc v\u00e0 ch\u1ea5t \u0111\u1ed9n tinh l\u1ecdc. Th\u00eam n\u01b0\u1edbc v\u00e0o v\u00e0 tr\u1ed9n \u0111\u1ec1u l\u00ean s\u1ebd cho h\u1ed7n h\u1ee3p v\u1eefa c\u00f3 t\u00ednh linh \u0111\u1ed9ng v\u00e0 hi\u1ec7u qu\u1ea3 cao trong thi c\u00f4ng.\u00a0 am RENDER c\u0129 kh\u1ea3 n\u0103ng bm d\u00ednh t\u1ed1t h\u01a1n trn t\u01b0\u1eddng g\u1ea1ch trong nh v ng\u1ed3i tr\u1eddi, \u0111\u01b0\u1ee3c s\u1eed d\u1ee5ng nh\u01b0 v\u1eefa tr\u1ed9n s\u1eb5n v th\u1ecfa cc \u0111i\u1ec1u ki\u1ec7n kh\u1eaft khe v\u01b0\u1ee3t b\u1eadc trong c\u01a1ng tc h\u1ed3n thi\u1ec7n.[:en]am RENDER is a premixed cement based plaster consists of cement, graded sand and additives. When mixed with water, it gives an excellent workability that is easy to use. am RENDER provides an excellent bond to concrete and brick substrates and it can be used for internal and external plastering.\u00a0 It will surpass the specifiers\u2019 stringent requirement for high quality finishes.[:]\" \/>\n<meta property=\"og:url\" content=\"https:\/\/asiamortar.com.vn\/san-pham\/am-render-2\/\" \/>\n<meta property=\"og:site_name\" content=\"ASIA MORTAR\" \/>\n<meta property=\"article:modified_time\" content=\"2025-04-01T07:29:26+00:00\" \/>\n<meta property=\"og:image\" content=\"https:\/\/asiamortar.com.vn\/wp-content\/uploads\/2020\/06\/Hinh-25.png\" \/>\n\t<meta property=\"og:image:width\" content=\"702\" \/>\n\t<meta property=\"og:image:height\" content=\"861\" \/>\n<meta name=\"twitter:card\" content=\"summary_large_image\" \/>\n<meta name=\"twitter:label1\" content=\"Written by\">\n\t<meta name=\"twitter:data1\" content=\"Kh\u00e1ch H\u00e0ng Admin\">\n\t<meta name=\"twitter:label2\" content=\"Est. reading time\">\n\t<meta name=\"twitter:data2\" content=\"1 minute\">\n<script type=\"application\/ld+json\" class=\"yoast-schema-graph\">{\"@context\":\"https:\/\/schema.org\",\"@graph\":[{\"@type\":\"WebSite\",\"@id\":\"https:\/\/asiamortar.com.vn\/ja\/#website\",\"url\":\"https:\/\/asiamortar.com.vn\/ja\/\",\"name\":\"ASIA MORTAR\",\"description\":\"\",\"potentialAction\":[{\"@type\":\"SearchAction\",\"target\":\"https:\/\/asiamortar.com.vn\/ja\/?s={search_term_string}\",\"query-input\":\"required name=search_term_string\"}],\"inLanguage\":\"km-KH\"},{\"@type\":\"ImageObject\",\"@id\":\"https:\/\/asiamortar.com.vn\/san-pham\/am-render-2\/#primaryimage\",\"inLanguage\":\"km-KH\",\"url\":\"https:\/\/asiamortar.com.vn\/wp-content\/uploads\/2020\/06\/Hinh-25.png\",\"width\":702,\"height\":861,\"caption\":\"H\\u00ecnh 25\"},{\"@type\":\"WebPage\",\"@id\":\"https:\/\/asiamortar.com.vn\/san-pham\/am-render-2\/#webpage\",\"url\":\"https:\/\/asiamortar.com.vn\/san-pham\/am-render-2\/\",\"name\":\"[:vi]AM RENDER[:en]am Render[:] - ASIA MORTAR\",\"isPartOf\":{\"@id\":\"https:\/\/asiamortar.com.vn\/ja\/#website\"},\"primaryImageOfPage\":{\"@id\":\"https:\/\/asiamortar.com.vn\/san-pham\/am-render-2\/#primaryimage\"},\"datePublished\":\"2020-12-31T00:57:35+00:00\",\"dateModified\":\"2025-04-01T07:29:26+00:00\",\"inLanguage\":\"km-KH\",\"potentialAction\":[{\"@type\":\"ReadAction\",\"target\":[\"https:\/\/asiamortar.com.vn\/san-pham\/am-render-2\/\"]}]}]}<\/script>\n<!-- \/ Yoast SEO plugin. -->","_links":{"self":[{"href":"https:\/\/asiamortar.com.vn\/kh\/wp-json\/wp\/v2\/product\/1481"}],"collection":[{"href":"https:\/\/asiamortar.com.vn\/kh\/wp-json\/wp\/v2\/product"}],"about":[{"href":"https:\/\/asiamortar.com.vn\/kh\/wp-json\/wp\/v2\/types\/product"}],"wp:featuredmedia":[{"embeddable":true,"href":"https:\/\/asiamortar.com.vn\/kh\/wp-json\/wp\/v2\/media\/1306"}],"wp:attachment":[{"href":"https:\/\/asiamortar.com.vn\/kh\/wp-json\/wp\/v2\/media?parent=1481"}],"curies":[{"name":"wp","href":"https:\/\/api.w.org\/{rel}","templated":true}]}}