{"id":1488,"date":"2020-12-31T08:11:29","date_gmt":"2020-12-31T01:11:29","guid":{"rendered":"https:\/\/asiamortar.com.vn\/?post_type=product&#038;p=1488"},"modified":"2023-03-08T14:39:13","modified_gmt":"2023-03-08T07:39:13","slug":"hertron-densifier-protector-2","status":"publish","type":"product","link":"https:\/\/asiamortar.com.vn\/kh\/san-pham\/hertron-densifier-protector-2\/","title":{"rendered":"HERTRON DENSIFIER\/PROTECTOR"},"content":{"rendered":"<p class=\"qtranxs-available-languages-message qtranxs-available-languages-message-kh\">Sorry, this entry is only available in <a href=\"https:\/\/asiamortar.com.vn\/vi\/wp-json\/wp\/v2\/product\/1488\" class=\"qtranxs-available-language-link qtranxs-available-language-link-vi\" title=\"Ti\u1ebfng Vi\u1ec7t\">\u179c\u17c0\u178f\u178e\u17b6\u1798<\/a> and <a href=\"https:\/\/asiamortar.com.vn\/en\/wp-json\/wp\/v2\/product\/1488\" class=\"qtranxs-available-language-link qtranxs-available-language-link-en\" title=\"English\">\u17a2\u1784\u17cb\u1782\u17d2\u179b\u17c1\u179f (\u179f.\u179a.\u17a2)<\/a>.<\/p>","protected":false},"excerpt":{"rendered":"<p class=\"qtranxs-available-languages-message qtranxs-available-languages-message-kh\">Sorry, this entry is only available in <a href=\"https:\/\/asiamortar.com.vn\/vi\/wp-json\/wp\/v2\/product\/1488\" class=\"qtranxs-available-language-link qtranxs-available-language-link-vi\" title=\"Ti\u1ebfng Vi\u1ec7t\">\u179c\u17c0\u178f\u178e\u17b6\u1798<\/a> and <a href=\"https:\/\/asiamortar.com.vn\/en\/wp-json\/wp\/v2\/product\/1488\" class=\"qtranxs-available-language-link qtranxs-available-language-link-en\" title=\"English\">\u17a2\u1784\u17cb\u1782\u17d2\u179b\u17c1\u179f (\u179f.\u179a.\u17a2)<\/a>.<\/p>\n","protected":false},"featured_media":609,"template":"","meta":[],"yoast_head":"<!-- This site is optimized with the Yoast SEO plugin v15.3 - https:\/\/yoast.com\/wordpress\/plugins\/seo\/ -->\n<meta name=\"robots\" content=\"index, follow, max-snippet:-1, max-image-preview:large, max-video-preview:-1\" \/>\n<link rel=\"canonical\" href=\"https:\/\/asiamortar.com.vn\/san-pham\/hertron-densifier-protector-2\/\" \/>\n<meta property=\"og:locale\" content=\"km_KH\" \/>\n<meta property=\"og:type\" content=\"article\" \/>\n<meta property=\"og:title\" content=\"[:vi]HERTRON DENSIFIER\/PROTECTOR[:en]Hertron Densifier\/Protector[:] - ASIA MORTAR\" \/>\n<meta property=\"og:description\" content=\"[:vi]  HERTRON PROTECTOR l\u00e0 ch\u1ea5t l\u00e0m k\u00edn v\u00e0 th\u1ea9m th\u1ea5u cho b\u1ec1 m\u1eb7t b\u00ea t\u00f4ng \u0111\u01b0\u1ee3c ch\u1ebf t\u1ea1o ra v\u1edbi m\u1ee5c \u0111\u00edch l\u00e0m gia t\u0103ng v\u00e0 b\u1ea3o v\u1ec7 cho c\u00e1c b\u1ec1 m\u1eb7t n\u1ec1n b\u00ea t\u00f4ng \u0111\u00e1nh b\u00f3ng, v\u1eefa m\u1ecfng ch\u1ecbu l\u1ef1c \u0111\u00e1nh b\u00f3ng.  \u0110\u00e2y l\u00e0 s\u1ea3n ph\u1ea9m \u0111\u1eb7c bi\u1ec7t duy nh\u1ea5t c\u00f3 ch\u1ee9a th\u00e0nh ph\u1ea7n keo silica colloidal t\u0103ng c\u1ee9ng b\u1ec1 m\u1eb7t k\u1ebft h\u1ee3p v\u1edbi c\u00e1c h\u1ee3p ch\u1ea5t h\u1eefu c\u01a1 \u0111\u1ec3 t\u1ea1o kh\u1ea3 n\u0103ng ch\u1ed1ng b\u00e1m n\u01b0\u1edbc. [:en]Hertron Protector is a sealant and impregnator for concrete surfaces designed to enhance and protect polished and thinly polished concrete substrate surfaces.  This is the only special product that contains surface hardening silica colloidal compound combined with organic compounds to provide resistance to water.[:]\" \/>\n<meta property=\"og:url\" content=\"https:\/\/asiamortar.com.vn\/san-pham\/hertron-densifier-protector-2\/\" \/>\n<meta property=\"og:site_name\" content=\"ASIA MORTAR\" \/>\n<meta property=\"article:modified_time\" content=\"2023-03-08T07:39:13+00:00\" \/>\n<meta property=\"og:image\" content=\"https:\/\/asiamortar.com.vn\/wp-content\/uploads\/2020\/06\/lythic-protector.png\" \/>\n\t<meta property=\"og:image:width\" content=\"585\" \/>\n\t<meta property=\"og:image:height\" content=\"650\" \/>\n<meta name=\"twitter:card\" content=\"summary_large_image\" \/>\n<meta name=\"twitter:label1\" content=\"Written by\">\n\t<meta name=\"twitter:data1\" content=\"Kh\u00e1ch H\u00e0ng Admin\">\n\t<meta name=\"twitter:label2\" content=\"Est. reading time\">\n\t<meta name=\"twitter:data2\" content=\"2 minutes\">\n<script type=\"application\/ld+json\" class=\"yoast-schema-graph\">{\"@context\":\"https:\/\/schema.org\",\"@graph\":[{\"@type\":\"WebSite\",\"@id\":\"https:\/\/asiamortar.com.vn\/ja\/#website\",\"url\":\"https:\/\/asiamortar.com.vn\/ja\/\",\"name\":\"ASIA MORTAR\",\"description\":\"\",\"potentialAction\":[{\"@type\":\"SearchAction\",\"target\":\"https:\/\/asiamortar.com.vn\/ja\/?s={search_term_string}\",\"query-input\":\"required name=search_term_string\"}],\"inLanguage\":\"km-KH\"},{\"@type\":\"ImageObject\",\"@id\":\"https:\/\/asiamortar.com.vn\/san-pham\/hertron-densifier-protector-2\/#primaryimage\",\"inLanguage\":\"km-KH\",\"url\":\"https:\/\/asiamortar.com.vn\/wp-content\/uploads\/2020\/06\/lythic-protector.png\",\"width\":585,\"height\":650,\"caption\":\"Lythic Protector\"},{\"@type\":\"WebPage\",\"@id\":\"https:\/\/asiamortar.com.vn\/san-pham\/hertron-densifier-protector-2\/#webpage\",\"url\":\"https:\/\/asiamortar.com.vn\/san-pham\/hertron-densifier-protector-2\/\",\"name\":\"[:vi]HERTRON DENSIFIER\/PROTECTOR[:en]Hertron Densifier\/Protector[:] - ASIA MORTAR\",\"isPartOf\":{\"@id\":\"https:\/\/asiamortar.com.vn\/ja\/#website\"},\"primaryImageOfPage\":{\"@id\":\"https:\/\/asiamortar.com.vn\/san-pham\/hertron-densifier-protector-2\/#primaryimage\"},\"datePublished\":\"2020-12-31T01:11:29+00:00\",\"dateModified\":\"2023-03-08T07:39:13+00:00\",\"inLanguage\":\"km-KH\",\"potentialAction\":[{\"@type\":\"ReadAction\",\"target\":[\"https:\/\/asiamortar.com.vn\/san-pham\/hertron-densifier-protector-2\/\"]}]}]}<\/script>\n<!-- \/ Yoast SEO plugin. -->","_links":{"self":[{"href":"https:\/\/asiamortar.com.vn\/kh\/wp-json\/wp\/v2\/product\/1488"}],"collection":[{"href":"https:\/\/asiamortar.com.vn\/kh\/wp-json\/wp\/v2\/product"}],"about":[{"href":"https:\/\/asiamortar.com.vn\/kh\/wp-json\/wp\/v2\/types\/product"}],"wp:featuredmedia":[{"embeddable":true,"href":"https:\/\/asiamortar.com.vn\/kh\/wp-json\/wp\/v2\/media\/609"}],"wp:attachment":[{"href":"https:\/\/asiamortar.com.vn\/kh\/wp-json\/wp\/v2\/media?parent=1488"}],"curies":[{"name":"wp","href":"https:\/\/api.w.org\/{rel}","templated":true}]}}