{"id":1489,"date":"2020-12-31T08:14:18","date_gmt":"2020-12-31T01:14:18","guid":{"rendered":"https:\/\/asiamortar.com.vn\/?post_type=product&#038;p=1489"},"modified":"2023-03-08T11:19:32","modified_gmt":"2023-03-08T04:19:32","slug":"am-tilebond","status":"publish","type":"product","link":"https:\/\/asiamortar.com.vn\/kh\/san-pham\/am-tilebond\/","title":{"rendered":"am TILEBOND"},"content":{"rendered":"<p class=\"qtranxs-available-languages-message qtranxs-available-languages-message-kh\">Sorry, this entry is only available in <a href=\"https:\/\/asiamortar.com.vn\/vi\/wp-json\/wp\/v2\/product\/1489\" class=\"qtranxs-available-language-link qtranxs-available-language-link-vi\" title=\"Ti\u1ebfng Vi\u1ec7t\">\u179c\u17c0\u178f\u178e\u17b6\u1798<\/a> and <a href=\"https:\/\/asiamortar.com.vn\/en\/wp-json\/wp\/v2\/product\/1489\" class=\"qtranxs-available-language-link qtranxs-available-language-link-en\" title=\"English\">\u17a2\u1784\u17cb\u1782\u17d2\u179b\u17c1\u179f (\u179f.\u179a.\u17a2)<\/a>.<\/p>","protected":false},"excerpt":{"rendered":"<p class=\"qtranxs-available-languages-message qtranxs-available-languages-message-kh\">Sorry, this entry is only available in <a href=\"https:\/\/asiamortar.com.vn\/vi\/wp-json\/wp\/v2\/product\/1489\" class=\"qtranxs-available-language-link qtranxs-available-language-link-vi\" title=\"Ti\u1ebfng Vi\u1ec7t\">\u179c\u17c0\u178f\u178e\u17b6\u1798<\/a> and <a href=\"https:\/\/asiamortar.com.vn\/en\/wp-json\/wp\/v2\/product\/1489\" class=\"qtranxs-available-language-link qtranxs-available-language-link-en\" title=\"English\">\u17a2\u1784\u17cb\u1782\u17d2\u179b\u17c1\u179f (\u179f.\u179a.\u17a2)<\/a>.<\/p>\n","protected":false},"featured_media":1279,"template":"","meta":[],"yoast_head":"<!-- This site is optimized with the Yoast SEO plugin v15.3 - https:\/\/yoast.com\/wordpress\/plugins\/seo\/ -->\n<meta name=\"robots\" content=\"index, follow, max-snippet:-1, max-image-preview:large, max-video-preview:-1\" \/>\n<link rel=\"canonical\" href=\"https:\/\/asiamortar.com.vn\/san-pham\/am-tilebond\/\" \/>\n<meta property=\"og:locale\" content=\"km_KH\" \/>\n<meta property=\"og:type\" content=\"article\" \/>\n<meta property=\"og:title\" content=\"[:vi]am TILEBOND[:en]am TILEBOND[:] - ASIA MORTAR\" \/>\n<meta property=\"og:description\" content=\"[:vi]  AM TILEBOND l\u00e0 h\u1ed7n h\u1ee3p v\u1eefa d\u00e1n g\u1ea1ch cao c\u1ea5p g\u1ed1c xi m\u0103ng m\u1ed9t th\u00e0nh ph\u1ea7n, th\u00edch h\u1ee3p thi c\u00f4ng d\u00e1n g\u1ea1ch cho s\u00e0n, t\u01b0\u1eddng, khu v\u1ef1c trong nh\u00e0 v\u00e0 ngo\u00e0i tr\u1eddi\u2026  Khi tr\u1ed9n AM TILEBOND v\u1edbi AM LATEX 330 \/ 302, \u0111\u1eb7c t\u00ednh c\u1ee7a keo d\u00e1n g\u1ea1ch s\u1ebd \u0111\u01b0\u1ee3c t\u0103ng c\u01b0\u1eddng v\u1ec1 \u0111\u1ed9 b\u00e1m d\u00ednh, kh\u1ea3 n\u0103ng kh\u00e1ng n\u01b0\u1edbc\u2026trong qu\u00e1 tr\u00ecnh thi c\u00f4ng v\u00e0 khi \u0111\u00e3 \u0111\u00f3ng r\u1eafn. [:en]am TILEBOND is a specially formulated cementitious tile adhesive. It is used for fixing floor and wall tiles. When used with am Latex 330\/302, it gives improved adhesion and water-repellent properties when set and hardened.[:]\" \/>\n<meta property=\"og:url\" content=\"https:\/\/asiamortar.com.vn\/san-pham\/am-tilebond\/\" \/>\n<meta property=\"og:site_name\" content=\"ASIA MORTAR\" \/>\n<meta property=\"article:modified_time\" content=\"2023-03-08T04:19:32+00:00\" \/>\n<meta property=\"og:image\" content=\"https:\/\/asiamortar.com.vn\/wp-content\/uploads\/2020\/06\/z2200385820367_54f3caf93a97cf78a1f8c2a71a554b0b.jpg\" \/>\n\t<meta property=\"og:image:width\" content=\"1402\" \/>\n\t<meta property=\"og:image:height\" content=\"2048\" \/>\n<meta name=\"twitter:card\" content=\"summary_large_image\" \/>\n<meta name=\"twitter:label1\" content=\"Written by\">\n\t<meta name=\"twitter:data1\" content=\"Kh\u00e1ch H\u00e0ng Admin\">\n\t<meta name=\"twitter:label2\" content=\"Est. reading time\">\n\t<meta name=\"twitter:data2\" content=\"1 minute\">\n<script type=\"application\/ld+json\" class=\"yoast-schema-graph\">{\"@context\":\"https:\/\/schema.org\",\"@graph\":[{\"@type\":\"WebSite\",\"@id\":\"https:\/\/asiamortar.com.vn\/ja\/#website\",\"url\":\"https:\/\/asiamortar.com.vn\/ja\/\",\"name\":\"ASIA MORTAR\",\"description\":\"\",\"potentialAction\":[{\"@type\":\"SearchAction\",\"target\":\"https:\/\/asiamortar.com.vn\/ja\/?s={search_term_string}\",\"query-input\":\"required name=search_term_string\"}],\"inLanguage\":\"km-KH\"},{\"@type\":\"ImageObject\",\"@id\":\"https:\/\/asiamortar.com.vn\/san-pham\/am-tilebond\/#primaryimage\",\"inLanguage\":\"km-KH\",\"url\":\"https:\/\/asiamortar.com.vn\/wp-content\/uploads\/2020\/06\/z2200385820367_54f3caf93a97cf78a1f8c2a71a554b0b.jpg\",\"width\":1402,\"height\":2048,\"caption\":\"Z2200385820367 54f3caf93a97cf78a1f8c2a71a554b0b\"},{\"@type\":\"WebPage\",\"@id\":\"https:\/\/asiamortar.com.vn\/san-pham\/am-tilebond\/#webpage\",\"url\":\"https:\/\/asiamortar.com.vn\/san-pham\/am-tilebond\/\",\"name\":\"[:vi]am TILEBOND[:en]am TILEBOND[:] - ASIA MORTAR\",\"isPartOf\":{\"@id\":\"https:\/\/asiamortar.com.vn\/ja\/#website\"},\"primaryImageOfPage\":{\"@id\":\"https:\/\/asiamortar.com.vn\/san-pham\/am-tilebond\/#primaryimage\"},\"datePublished\":\"2020-12-31T01:14:18+00:00\",\"dateModified\":\"2023-03-08T04:19:32+00:00\",\"inLanguage\":\"km-KH\",\"potentialAction\":[{\"@type\":\"ReadAction\",\"target\":[\"https:\/\/asiamortar.com.vn\/san-pham\/am-tilebond\/\"]}]}]}<\/script>\n<!-- \/ Yoast SEO plugin. -->","_links":{"self":[{"href":"https:\/\/asiamortar.com.vn\/kh\/wp-json\/wp\/v2\/product\/1489"}],"collection":[{"href":"https:\/\/asiamortar.com.vn\/kh\/wp-json\/wp\/v2\/product"}],"about":[{"href":"https:\/\/asiamortar.com.vn\/kh\/wp-json\/wp\/v2\/types\/product"}],"wp:featuredmedia":[{"embeddable":true,"href":"https:\/\/asiamortar.com.vn\/kh\/wp-json\/wp\/v2\/media\/1279"}],"wp:attachment":[{"href":"https:\/\/asiamortar.com.vn\/kh\/wp-json\/wp\/v2\/media?parent=1489"}],"curies":[{"name":"wp","href":"https:\/\/api.w.org\/{rel}","templated":true}]}}