{"id":1495,"date":"2020-12-31T08:44:21","date_gmt":"2020-12-31T01:44:21","guid":{"rendered":"https:\/\/asiamortar.com.vn\/?post_type=product&#038;p=1495"},"modified":"2020-12-31T08:44:21","modified_gmt":"2020-12-31T01:44:21","slug":"am-grout-309","status":"publish","type":"product","link":"https:\/\/asiamortar.com.vn\/kh\/san-pham\/am-grout-309\/","title":{"rendered":"am Grout 309"},"content":{"rendered":"<p class=\"qtranxs-available-languages-message qtranxs-available-languages-message-kh\">Sorry, this entry is only available in <a href=\"https:\/\/asiamortar.com.vn\/vi\/wp-json\/wp\/v2\/product\/1495\" class=\"qtranxs-available-language-link qtranxs-available-language-link-vi\" title=\"Ti\u1ebfng Vi\u1ec7t\">\u179c\u17c0\u178f\u178e\u17b6\u1798<\/a> and <a href=\"https:\/\/asiamortar.com.vn\/en\/wp-json\/wp\/v2\/product\/1495\" class=\"qtranxs-available-language-link qtranxs-available-language-link-en\" title=\"English\">\u17a2\u1784\u17cb\u1782\u17d2\u179b\u17c1\u179f (\u179f.\u179a.\u17a2)<\/a>.<\/p>","protected":false},"excerpt":{"rendered":"<p class=\"qtranxs-available-languages-message qtranxs-available-languages-message-kh\">Sorry, this entry is only available in <a href=\"https:\/\/asiamortar.com.vn\/vi\/wp-json\/wp\/v2\/product\/1495\" class=\"qtranxs-available-language-link qtranxs-available-language-link-vi\" title=\"Ti\u1ebfng Vi\u1ec7t\">\u179c\u17c0\u178f\u178e\u17b6\u1798<\/a> and <a href=\"https:\/\/asiamortar.com.vn\/en\/wp-json\/wp\/v2\/product\/1495\" class=\"qtranxs-available-language-link qtranxs-available-language-link-en\" title=\"English\">\u17a2\u1784\u17cb\u1782\u17d2\u179b\u17c1\u179f (\u179f.\u179a.\u17a2)<\/a>.<\/p>\n","protected":false},"featured_media":621,"template":"","meta":[],"yoast_head":"<!-- This site is optimized with the Yoast SEO plugin v15.3 - https:\/\/yoast.com\/wordpress\/plugins\/seo\/ -->\n<meta name=\"robots\" content=\"index, follow, max-snippet:-1, max-image-preview:large, max-video-preview:-1\" \/>\n<link rel=\"canonical\" href=\"https:\/\/asiamortar.com.vn\/san-pham\/am-grout-309\/\" \/>\n<meta property=\"og:locale\" content=\"km_KH\" \/>\n<meta property=\"og:type\" content=\"article\" \/>\n<meta property=\"og:title\" content=\"[:vi]am Grout 309[:en]am Grout 309[:] - ASIA MORTAR\" \/>\n<meta property=\"og:description\" content=\"[:vi]am GROUT 309 l\u00e0 v\u1eefa kh\u00f4ng co ng\u00f3t \u0111a d\u1ee5ng, kh\u00f4ng ch\u1ee9a ch\u1ea5t s\u1eaft, t\u1ef1 san ph\u1eb3ng. am GROUT 309 l\u00e0 h\u1ed7n h\u1ee3p g\u1ed3m xi m\u0103ng \u0111\u1eb7c bi\u1ec7t, ph\u1ee5 gia t\u1ea1o \u0111\u1ed9 ch\u1ea3y v\u00e0 c\u00e1t silica ch\u1ecdn l\u1ecdc. am GROUT 309 ch\u1ec9 c\u1ea7n tr\u1ed9n th\u00eam v\u1edbi n\u01b0\u1edbc l\u00e0 s\u1eed d\u1ee5ng ngay, t\u00f9y thu\u1ed9c v\u00e0o l\u01b0\u1ee3ng n\u01b0\u1edbc trong ph\u1ea1m vi s\u1eed d\u1ee5ng, s\u1ebd cho h\u1ed7n h\u1ee3p v\u1eefa d\u1ebbo \u0111\u1ebfn ch\u1ea3y l\u1ecfng.[:en]am GROUT 309 is a pre-mixed, nonmetallic, shrinkage compensating grout. Composed of specialized cements, flow agents and graded siliceous sand, am GROUT 309 requires only the addition of water for use at consistencies ranging from dry \u2013 pack to fluid.[:]\" \/>\n<meta property=\"og:url\" content=\"https:\/\/asiamortar.com.vn\/san-pham\/am-grout-309\/\" \/>\n<meta property=\"og:site_name\" content=\"ASIA MORTAR\" \/>\n<meta property=\"og:image\" content=\"https:\/\/asiamortar.com.vn\/wp-content\/uploads\/2020\/06\/am-grout-309.png\" \/>\n\t<meta property=\"og:image:width\" content=\"585\" \/>\n\t<meta property=\"og:image:height\" content=\"650\" \/>\n<meta name=\"twitter:card\" content=\"summary_large_image\" \/>\n<meta name=\"twitter:label1\" content=\"Written by\">\n\t<meta name=\"twitter:data1\" content=\"Kh\u00e1ch H\u00e0ng Admin\">\n\t<meta name=\"twitter:label2\" content=\"Est. reading time\">\n\t<meta name=\"twitter:data2\" content=\"2 minutes\">\n<script type=\"application\/ld+json\" class=\"yoast-schema-graph\">{\"@context\":\"https:\/\/schema.org\",\"@graph\":[{\"@type\":\"WebSite\",\"@id\":\"https:\/\/asiamortar.com.vn\/ja\/#website\",\"url\":\"https:\/\/asiamortar.com.vn\/ja\/\",\"name\":\"ASIA MORTAR\",\"description\":\"\",\"potentialAction\":[{\"@type\":\"SearchAction\",\"target\":\"https:\/\/asiamortar.com.vn\/ja\/?s={search_term_string}\",\"query-input\":\"required name=search_term_string\"}],\"inLanguage\":\"km-KH\"},{\"@type\":\"ImageObject\",\"@id\":\"https:\/\/asiamortar.com.vn\/san-pham\/am-grout-309\/#primaryimage\",\"inLanguage\":\"km-KH\",\"url\":\"https:\/\/asiamortar.com.vn\/wp-content\/uploads\/2020\/06\/am-grout-309.png\",\"width\":585,\"height\":650,\"caption\":\"Am Grout 309\"},{\"@type\":\"WebPage\",\"@id\":\"https:\/\/asiamortar.com.vn\/san-pham\/am-grout-309\/#webpage\",\"url\":\"https:\/\/asiamortar.com.vn\/san-pham\/am-grout-309\/\",\"name\":\"[:vi]am Grout 309[:en]am Grout 309[:] - ASIA MORTAR\",\"isPartOf\":{\"@id\":\"https:\/\/asiamortar.com.vn\/ja\/#website\"},\"primaryImageOfPage\":{\"@id\":\"https:\/\/asiamortar.com.vn\/san-pham\/am-grout-309\/#primaryimage\"},\"datePublished\":\"2020-12-31T01:44:21+00:00\",\"dateModified\":\"2020-12-31T01:44:21+00:00\",\"inLanguage\":\"km-KH\",\"potentialAction\":[{\"@type\":\"ReadAction\",\"target\":[\"https:\/\/asiamortar.com.vn\/san-pham\/am-grout-309\/\"]}]}]}<\/script>\n<!-- \/ Yoast SEO plugin. -->","_links":{"self":[{"href":"https:\/\/asiamortar.com.vn\/kh\/wp-json\/wp\/v2\/product\/1495"}],"collection":[{"href":"https:\/\/asiamortar.com.vn\/kh\/wp-json\/wp\/v2\/product"}],"about":[{"href":"https:\/\/asiamortar.com.vn\/kh\/wp-json\/wp\/v2\/types\/product"}],"wp:featuredmedia":[{"embeddable":true,"href":"https:\/\/asiamortar.com.vn\/kh\/wp-json\/wp\/v2\/media\/621"}],"wp:attachment":[{"href":"https:\/\/asiamortar.com.vn\/kh\/wp-json\/wp\/v2\/media?parent=1495"}],"curies":[{"name":"wp","href":"https:\/\/api.w.org\/{rel}","templated":true}]}}