{"id":2266,"date":"2021-04-26T08:57:57","date_gmt":"2021-04-26T01:57:57","guid":{"rendered":"https:\/\/asiamortar.com.vn\/?post_type=product&#038;p=2266"},"modified":"2023-03-08T14:33:22","modified_gmt":"2023-03-08T07:33:22","slug":"lythic-densifier","status":"publish","type":"product","link":"https:\/\/asiamortar.com.vn\/kh\/san-pham\/lythic-densifier\/","title":{"rendered":"LYTHIC DENSIFIER"},"content":{"rendered":"<p class=\"qtranxs-available-languages-message qtranxs-available-languages-message-kh\">Sorry, this entry is only available in <a href=\"https:\/\/asiamortar.com.vn\/vi\/wp-json\/wp\/v2\/product\/2266\" class=\"qtranxs-available-language-link qtranxs-available-language-link-vi\" title=\"Ti\u1ebfng Vi\u1ec7t\">\u179c\u17c0\u178f\u178e\u17b6\u1798<\/a>.<\/p>","protected":false},"excerpt":{"rendered":"<p class=\"qtranxs-available-languages-message qtranxs-available-languages-message-kh\">Sorry, this entry is only available in <a href=\"https:\/\/asiamortar.com.vn\/vi\/wp-json\/wp\/v2\/product\/2266\" class=\"qtranxs-available-language-link qtranxs-available-language-link-vi\" title=\"Ti\u1ebfng Vi\u1ec7t\">\u179c\u17c0\u178f\u178e\u17b6\u1798<\/a>.<\/p>\n","protected":false},"featured_media":2267,"template":"","meta":[],"yoast_head":"<!-- This site is optimized with the Yoast SEO plugin v15.3 - https:\/\/yoast.com\/wordpress\/plugins\/seo\/ -->\n<meta name=\"robots\" content=\"index, follow, max-snippet:-1, max-image-preview:large, max-video-preview:-1\" \/>\n<link rel=\"canonical\" href=\"https:\/\/asiamortar.com.vn\/san-pham\/lythic-densifier\/\" \/>\n<meta property=\"og:locale\" content=\"km_KH\" \/>\n<meta property=\"og:type\" content=\"article\" \/>\n<meta property=\"og:title\" content=\"[:vi]LYTHIC DENSIFIER [:] - ASIA MORTAR\" \/>\n<meta property=\"og:description\" content=\"[:vi]  LYTHIC DENSIFIER l\u00e0 h\u1ed7n h\u1ee3p tr\u1ed9n l\u1eabn gi\u1eefa c\u00e1c th\u00e0nh ph\u1ea7n nguy\u00ean li\u1ec7u nh\u1ef1a polymer v\u00f4 c\u01a1 c\u00f3 kh\u1ea3 n\u0103ng th\u00e2m nh\u1eadp, th\u1ea9m th\u1ea5u v\u00e0o trong c\u00e1c b\u1ec1 m\u1eb7t b\u00ea t\u00f4ng, v\u1eefa nh\u1eb1m gia t\u0103ng m\u1eadt \u0111\u1ed9 \u0111\u1eb7c ch\u1eafc v\u00e0 \u0111\u1ed9 c\u1ee9ng c\u1ee7a v\u1eefa, b\u00ea t\u00f4ng.  C\u00f4ng th\u1ee9c \u0111\u1ed9c quy\u1ec1n LYTHIC DENSIFIER\u00a0ch\u1ee9a c\u00e1c th\u00e0nh ph\u1ea7n h\u1ea1t si\u00eau nh\u1ecf Nano ph\u1ea3n \u1ee9ng ng\u01b0\u1ee3c l\u1ea1i \u0111\u1ec3 th\u1ea5m s\u00e2u v\u00e0o b\u00ean trong b\u00ea t\u00f4ng, v\u1eefa nh\u1eb1m gia t\u0103ng m\u1ee9c \u0111\u1ed9 li\u00ean k\u1ebft c\u1ee7a c\u00e1c th\u00e0nh ph\u1ea7n xi m\u0103ng c\u00f3 trong n\u1ec1n b\u00ea t\u00f4ng, v\u1eefa.  LYTHIC DENSIFIER s\u1ebd cho m\u1ed9t b\u1ec1 m\u1eb7t b\u00ea t\u00f4ng, v\u1eefa ho\u00e0n thi\u1ec7n sau c\u00f9ng c\u00f3 \u0111\u1ed9 c\u1ee9ng v\u00e0 \u0111\u1eb7c ch\u1eafc cao nh\u1ea5t \u0111\u1ed3ng th\u1eddi gia t\u0103ng t\u1ed1i \u0111a v\u1ec1 kh\u1ea3 n\u0103ng ch\u1ecbu s\u1ef1 m\u00e0i m\u00f2n \u1edf b\u1ec1 m\u1eb7t m\u00e0 c\u00f3 m\u1eadt \u0111\u1ed9 l\u01b0u th\u00f4ng th\u01b0\u1eddng xuy\u00ean b\u1eb1ng n\u00e2ng ho\u1eb7c \u0111i b\u1ed9. S\u1ea3n ph\u1ea9m c\u00f3 g\u1ed1c n\u01b0\u1edbc n\u00ean th\u00e2n thi\u1ec7n v\u1edbi m\u00f4i tr\u01b0\u1eddng v\u00e0 th\u1ecfa ti\u00eau chu\u1ea9n V.O.C c\u1ee7a USA. [:]\" \/>\n<meta property=\"og:url\" content=\"https:\/\/asiamortar.com.vn\/san-pham\/lythic-densifier\/\" \/>\n<meta property=\"og:site_name\" content=\"ASIA MORTAR\" \/>\n<meta property=\"article:modified_time\" content=\"2023-03-08T07:33:22+00:00\" \/>\n<meta property=\"og:image\" content=\"https:\/\/asiamortar.com.vn\/wp-content\/uploads\/2021\/04\/DENSIFIER.png\" \/>\n\t<meta property=\"og:image:width\" content=\"500\" \/>\n\t<meta property=\"og:image:height\" content=\"496\" \/>\n<meta name=\"twitter:card\" content=\"summary_large_image\" \/>\n<meta name=\"twitter:label1\" content=\"Written by\">\n\t<meta name=\"twitter:data1\" content=\"Kh\u00e1ch H\u00e0ng Admin\">\n\t<meta name=\"twitter:label2\" content=\"Est. reading time\">\n\t<meta name=\"twitter:data2\" content=\"1 minute\">\n<script type=\"application\/ld+json\" class=\"yoast-schema-graph\">{\"@context\":\"https:\/\/schema.org\",\"@graph\":[{\"@type\":\"WebSite\",\"@id\":\"https:\/\/asiamortar.com.vn\/ja\/#website\",\"url\":\"https:\/\/asiamortar.com.vn\/ja\/\",\"name\":\"ASIA MORTAR\",\"description\":\"\",\"potentialAction\":[{\"@type\":\"SearchAction\",\"target\":\"https:\/\/asiamortar.com.vn\/ja\/?s={search_term_string}\",\"query-input\":\"required name=search_term_string\"}],\"inLanguage\":\"km-KH\"},{\"@type\":\"ImageObject\",\"@id\":\"https:\/\/asiamortar.com.vn\/san-pham\/lythic-densifier\/#primaryimage\",\"inLanguage\":\"km-KH\",\"url\":\"https:\/\/asiamortar.com.vn\/wp-content\/uploads\/2021\/04\/DENSIFIER.png\",\"width\":500,\"height\":496,\"caption\":\"Densifier\"},{\"@type\":\"WebPage\",\"@id\":\"https:\/\/asiamortar.com.vn\/san-pham\/lythic-densifier\/#webpage\",\"url\":\"https:\/\/asiamortar.com.vn\/san-pham\/lythic-densifier\/\",\"name\":\"[:vi]LYTHIC DENSIFIER [:] - ASIA MORTAR\",\"isPartOf\":{\"@id\":\"https:\/\/asiamortar.com.vn\/ja\/#website\"},\"primaryImageOfPage\":{\"@id\":\"https:\/\/asiamortar.com.vn\/san-pham\/lythic-densifier\/#primaryimage\"},\"datePublished\":\"2021-04-26T01:57:57+00:00\",\"dateModified\":\"2023-03-08T07:33:22+00:00\",\"inLanguage\":\"km-KH\",\"potentialAction\":[{\"@type\":\"ReadAction\",\"target\":[\"https:\/\/asiamortar.com.vn\/san-pham\/lythic-densifier\/\"]}]}]}<\/script>\n<!-- \/ Yoast SEO plugin. -->","_links":{"self":[{"href":"https:\/\/asiamortar.com.vn\/kh\/wp-json\/wp\/v2\/product\/2266"}],"collection":[{"href":"https:\/\/asiamortar.com.vn\/kh\/wp-json\/wp\/v2\/product"}],"about":[{"href":"https:\/\/asiamortar.com.vn\/kh\/wp-json\/wp\/v2\/types\/product"}],"wp:featuredmedia":[{"embeddable":true,"href":"https:\/\/asiamortar.com.vn\/kh\/wp-json\/wp\/v2\/media\/2267"}],"wp:attachment":[{"href":"https:\/\/asiamortar.com.vn\/kh\/wp-json\/wp\/v2\/media?parent=2266"}],"curies":[{"name":"wp","href":"https:\/\/api.w.org\/{rel}","templated":true}]}}