{"id":522,"date":"2020-06-24T15:46:30","date_gmt":"2020-06-24T08:46:30","guid":{"rendered":"http:\/\/asiamortar.com.vn\/?post_type=product&#038;p=522"},"modified":"2021-04-01T15:32:58","modified_gmt":"2021-04-01T08:32:58","slug":"am-colour-grout-am-latex-302","status":"publish","type":"product","link":"https:\/\/asiamortar.com.vn\/kh\/san-pham\/am-colour-grout-am-latex-302\/","title":{"rendered":"am Colour Grout + am Latex 302"},"content":{"rendered":"<p class=\"qtranxs-available-languages-message qtranxs-available-languages-message-kh\">Sorry, this entry is only available in <a href=\"https:\/\/asiamortar.com.vn\/vi\/wp-json\/wp\/v2\/product\/522\" class=\"qtranxs-available-language-link qtranxs-available-language-link-vi\" title=\"Ti\u1ebfng Vi\u1ec7t\">\u179c\u17c0\u178f\u178e\u17b6\u1798<\/a> and <a href=\"https:\/\/asiamortar.com.vn\/en\/wp-json\/wp\/v2\/product\/522\" class=\"qtranxs-available-language-link qtranxs-available-language-link-en\" title=\"English\">\u17a2\u1784\u17cb\u1782\u17d2\u179b\u17c1\u179f (\u179f.\u179a.\u17a2)<\/a>.<\/p>","protected":false},"excerpt":{"rendered":"<p class=\"qtranxs-available-languages-message qtranxs-available-languages-message-kh\">Sorry, this entry is only available in <a href=\"https:\/\/asiamortar.com.vn\/vi\/wp-json\/wp\/v2\/product\/522\" class=\"qtranxs-available-language-link qtranxs-available-language-link-vi\" title=\"Ti\u1ebfng Vi\u1ec7t\">\u179c\u17c0\u178f\u178e\u17b6\u1798<\/a> and <a href=\"https:\/\/asiamortar.com.vn\/en\/wp-json\/wp\/v2\/product\/522\" class=\"qtranxs-available-language-link qtranxs-available-language-link-en\" title=\"English\">\u17a2\u1784\u17cb\u1782\u17d2\u179b\u17c1\u179f (\u179f.\u179a.\u17a2)<\/a>.<\/p>\n","protected":false},"featured_media":2201,"template":"","meta":[],"yoast_head":"<!-- This site is optimized with the Yoast SEO plugin v15.3 - https:\/\/yoast.com\/wordpress\/plugins\/seo\/ -->\n<meta name=\"robots\" content=\"index, follow, max-snippet:-1, max-image-preview:large, max-video-preview:-1\" \/>\n<link rel=\"canonical\" href=\"https:\/\/asiamortar.com.vn\/san-pham\/am-colour-grout-am-latex-302\/\" \/>\n<meta property=\"og:locale\" content=\"km_KH\" \/>\n<meta property=\"og:type\" content=\"article\" \/>\n<meta property=\"og:title\" content=\"am Colour Grout + am Latex 302 - ASIA MORTAR\" \/>\n<meta property=\"og:description\" content=\"[:vi]am COLOUR GROUT l\u00e0 s\u1ea3n ph\u1ea9m keo tr\u00edt m\u1ea1ch g\u1ed1c xi m\u0103ng, c\u00f3 th\u00e0nh ph\u1ea7n bao g\u1ed3m: xi m\u0103ng, c\u1ed1t li\u1ec7u r\u1ea5t m\u1ecbn, c\u00e1c polymer t\u1ed5ng h\u1ee3p v\u00e0 th\u00e0nh ph\u1ea7n b\u1ed9t m\u00e0u v\u00f4 c\u01a1\u2026 Ph\u00f9 h\u1ee3p cho tr\u00edt m\u1ea1ch g\u1ea1ch, m\u1ea1ch \u0111\u00e1, thi c\u00f4ng cho t\u01b0\u1eddng, s\u00e0n, cho khu v\u1ef1c trong nh\u00e0 v\u00e0 ngo\u00e0i tr\u1eddi. Sau khi \u0111\u00f3ng r\u1eafn, am COLOUR GROUT kh\u00f4ng b\u1ecb co ng\u00f3t v\u00e0 c\u00f3 kh\u1ea3 n\u0103ng ch\u1ecbu t\u00e1c \u0111\u1ed9ng c\u01a1 h\u1ecdc r\u1ea5t t\u1ed1t, \u0111\u1ed3ng th\u1eddi c\u00f3 b\u1ec1 m\u1eb7t nh\u1eb5n m\u1ecbn r\u1ea5t \u0111\u1eb9p. am COLOUR GROUT cung c\u1ea5p nhi\u1ec1u m\u00e0u s\u1eafc, khi tr\u1ed9n v\u1edbi n\u01b0\u1edbc t\u1ea1o th\u00e0nh m\u1ed9t lo\u1ea1i keo tr\u00edt m\u1ea1ch r\u1ea5t d\u1ebbo, d\u1ec5 d\u00e0ng thi c\u00f4ng b\u1eb1ng bay cho m\u1ea1ch g\u1ea1ch tr\u00ean s\u00e0n, t\u01b0\u1eddng\u2026v\u00e0 r\u1ea5t d\u1ec5 v\u1ec7 sinh. am COLOUR GROUT \u0111\u01b0\u1ee3c s\u1ea3n xu\u1ea5t theo c\u00f4ng th\u1ee9c ri\u00eang, \u0111\u01b0\u1ee3c \u00e1p d\u1ee5ng ph\u1ed5 bi\u1ebfn trong x\u00e2y d\u1ef1ng d\u00e2n d\u1ee5ng v\u00e0 c\u00f4ng nghi\u1ec7p, ph\u00f9 h\u1ee3p v\u1edbi nh\u1eefng y\u00eau c\u1ea7u c\u1ee7a ti\u00eau chu\u1ea9n BS EN 12808.[:en]am COLOUR GROUT is a glue product Cement-based circuit, whose composition includes: cement very fine aggregate, cement, synthetic polymers and inorganic pigments ingredients\u2026 Suitable for masonry brick, stone circuit, construction for wall, floor, for indoor and outdoor areas. After when cured, the COLOUR GROUT am not affected shrinkage and resistant to mechanical stress very good, at the same time has a very nice smooth surface. am COLOUR GROUT offers a variety of colors sharp, when mixed with water forms a glue The circuit is very flexible and easy to apply by trowel for tile circuits on floors, walls ... and very easy to protect born. am COLOUR GROUT is produced according to its own formula, is commonly used in civil and industrial construction, suitable Conforms to the requirements of the BS EN standard 12808.[:]\" \/>\n<meta property=\"og:url\" content=\"https:\/\/asiamortar.com.vn\/san-pham\/am-colour-grout-am-latex-302\/\" \/>\n<meta property=\"og:site_name\" content=\"ASIA MORTAR\" \/>\n<meta property=\"article:modified_time\" content=\"2021-04-01T08:32:58+00:00\" \/>\n<meta property=\"og:image\" content=\"https:\/\/asiamortar.com.vn\/wp-content\/uploads\/2020\/06\/AM-COLOUR-GROUT-AM-LATEX-302.png\" \/>\n\t<meta property=\"og:image:width\" content=\"585\" \/>\n\t<meta property=\"og:image:height\" content=\"650\" \/>\n<meta name=\"twitter:card\" content=\"summary_large_image\" \/>\n<meta name=\"twitter:label1\" content=\"Written by\">\n\t<meta name=\"twitter:data1\" content=\"Kh\u00e1ch H\u00e0ng Admin\">\n\t<meta name=\"twitter:label2\" content=\"Est. reading time\">\n\t<meta name=\"twitter:data2\" content=\"1 minute\">\n<script type=\"application\/ld+json\" class=\"yoast-schema-graph\">{\"@context\":\"https:\/\/schema.org\",\"@graph\":[{\"@type\":\"WebSite\",\"@id\":\"https:\/\/asiamortar.com.vn\/ja\/#website\",\"url\":\"https:\/\/asiamortar.com.vn\/ja\/\",\"name\":\"ASIA MORTAR\",\"description\":\"\",\"potentialAction\":[{\"@type\":\"SearchAction\",\"target\":\"https:\/\/asiamortar.com.vn\/ja\/?s={search_term_string}\",\"query-input\":\"required name=search_term_string\"}],\"inLanguage\":\"km-KH\"},{\"@type\":\"ImageObject\",\"@id\":\"https:\/\/asiamortar.com.vn\/san-pham\/am-colour-grout-am-latex-302\/#primaryimage\",\"inLanguage\":\"km-KH\",\"url\":\"https:\/\/asiamortar.com.vn\/wp-content\/uploads\/2020\/06\/AM-COLOUR-GROUT-AM-LATEX-302.png\",\"width\":585,\"height\":650,\"caption\":\"Am Colour Grout + Am Latex 302\"},{\"@type\":\"WebPage\",\"@id\":\"https:\/\/asiamortar.com.vn\/san-pham\/am-colour-grout-am-latex-302\/#webpage\",\"url\":\"https:\/\/asiamortar.com.vn\/san-pham\/am-colour-grout-am-latex-302\/\",\"name\":\"am Colour Grout + am Latex 302 - ASIA MORTAR\",\"isPartOf\":{\"@id\":\"https:\/\/asiamortar.com.vn\/ja\/#website\"},\"primaryImageOfPage\":{\"@id\":\"https:\/\/asiamortar.com.vn\/san-pham\/am-colour-grout-am-latex-302\/#primaryimage\"},\"datePublished\":\"2020-06-24T08:46:30+00:00\",\"dateModified\":\"2021-04-01T08:32:58+00:00\",\"inLanguage\":\"km-KH\",\"potentialAction\":[{\"@type\":\"ReadAction\",\"target\":[\"https:\/\/asiamortar.com.vn\/san-pham\/am-colour-grout-am-latex-302\/\"]}]}]}<\/script>\n<!-- \/ Yoast SEO plugin. -->","_links":{"self":[{"href":"https:\/\/asiamortar.com.vn\/kh\/wp-json\/wp\/v2\/product\/522"}],"collection":[{"href":"https:\/\/asiamortar.com.vn\/kh\/wp-json\/wp\/v2\/product"}],"about":[{"href":"https:\/\/asiamortar.com.vn\/kh\/wp-json\/wp\/v2\/types\/product"}],"wp:featuredmedia":[{"embeddable":true,"href":"https:\/\/asiamortar.com.vn\/kh\/wp-json\/wp\/v2\/media\/2201"}],"wp:attachment":[{"href":"https:\/\/asiamortar.com.vn\/kh\/wp-json\/wp\/v2\/media?parent=522"}],"curies":[{"name":"wp","href":"https:\/\/api.w.org\/{rel}","templated":true}]}}