{"id":525,"date":"2020-06-24T15:49:10","date_gmt":"2020-06-24T08:49:10","guid":{"rendered":"http:\/\/asiamortar.com.vn\/?post_type=product&#038;p=525"},"modified":"2023-03-15T14:45:27","modified_gmt":"2023-03-15T07:45:27","slug":"am-dura-crete-hardener-e-2","status":"publish","type":"product","link":"https:\/\/asiamortar.com.vn\/kh\/san-pham\/am-dura-crete-hardener-e-2\/","title":{"rendered":"am Dura-Crete Hardener (E)"},"content":{"rendered":"<p class=\"qtranxs-available-languages-message qtranxs-available-languages-message-kh\">Sorry, this entry is only available in <a href=\"https:\/\/asiamortar.com.vn\/vi\/wp-json\/wp\/v2\/product\/525\" class=\"qtranxs-available-language-link qtranxs-available-language-link-vi\" title=\"Ti\u1ebfng Vi\u1ec7t\">\u179c\u17c0\u178f\u178e\u17b6\u1798<\/a>.<\/p>","protected":false},"excerpt":{"rendered":"<p class=\"qtranxs-available-languages-message qtranxs-available-languages-message-kh\">Sorry, this entry is only available in <a href=\"https:\/\/asiamortar.com.vn\/vi\/wp-json\/wp\/v2\/product\/525\" class=\"qtranxs-available-language-link qtranxs-available-language-link-vi\" title=\"Ti\u1ebfng Vi\u1ec7t\">\u179c\u17c0\u178f\u178e\u17b6\u1798<\/a>.<\/p>\n","protected":false},"featured_media":0,"template":"","meta":[],"yoast_head":"<!-- This site is optimized with the Yoast SEO plugin v15.3 - https:\/\/yoast.com\/wordpress\/plugins\/seo\/ -->\n<meta name=\"robots\" content=\"index, follow, max-snippet:-1, max-image-preview:large, max-video-preview:-1\" \/>\n<link rel=\"canonical\" href=\"https:\/\/asiamortar.com.vn\/san-pham\/am-dura-crete-hardener-e-2\/\" \/>\n<meta property=\"og:locale\" content=\"km_KH\" \/>\n<meta property=\"og:type\" content=\"article\" \/>\n<meta property=\"og:title\" content=\"[:vi]AM DURA-CRETE HARDENER (E)[:en]AM DURA-CRETE HARDENER (E)[:zh]am Dura-Crete Hardener (E)[:kh]am Dura-Crete Hardener (E) [:] - ASIA MORTAR\" \/>\n<meta property=\"og:description\" content=\"[:vi]  AM DURA-CRETE HARDENER (E)\u00a0l\u00e0 v\u1eadt li\u1ec7u g\u1ed1c cacbon tr\u1ed9n s\u1eb5n, si\u00eau b\u1ec1n v\u00e0 l\u00e0m c\u1ee9ng cho n\u1ec1n, s\u00e0n trong nh\u00e0, ngo\u00e0i tr\u1eddi c\u00f3 y\u00eau c\u1ea7u \u0111\u1ed9 va \u0111\u1eadp, m\u00e0i m\u00f2n hay va ch\u1ea1m l\u1edbn. S\u1ea3n ph\u1ea9m kh\u00f4ng b\u1ecb r\u1ec9 s\u00e9t n\u00ean th\u00edch h\u1ee3p cho c\u00e1c khu v\u1ef1c \u1ea9m th\u01b0\u1eddng xuy\u00ean.  AM DURA-CRETE HARDENER (E) c\u00f3 m\u00e0u x\u00e1m xi m\u0103ng t\u1ef1 nhi\u00ean ho\u1eb7c m\u00e0u kh\u00e1c nh\u01b0 \u0111\u1ecf, \u0111\u1ecf g\u1ea1ch, \u0111en, xanh l\u00e1, n\u00e2u, n\u00e2u v\u00e0ng. [:]\" \/>\n<meta property=\"og:url\" content=\"https:\/\/asiamortar.com.vn\/san-pham\/am-dura-crete-hardener-e-2\/\" \/>\n<meta property=\"og:site_name\" content=\"ASIA MORTAR\" \/>\n<meta property=\"article:modified_time\" content=\"2023-03-15T07:45:27+00:00\" \/>\n<meta name=\"twitter:card\" content=\"summary_large_image\" \/>\n<meta name=\"twitter:label1\" content=\"Written by\">\n\t<meta name=\"twitter:data1\" content=\"Kh\u00e1ch H\u00e0ng Admin\">\n\t<meta name=\"twitter:label2\" content=\"Est. reading time\">\n\t<meta name=\"twitter:data2\" content=\"1 minute\">\n<script type=\"application\/ld+json\" class=\"yoast-schema-graph\">{\"@context\":\"https:\/\/schema.org\",\"@graph\":[{\"@type\":\"WebSite\",\"@id\":\"https:\/\/asiamortar.com.vn\/ja\/#website\",\"url\":\"https:\/\/asiamortar.com.vn\/ja\/\",\"name\":\"ASIA MORTAR\",\"description\":\"\",\"potentialAction\":[{\"@type\":\"SearchAction\",\"target\":\"https:\/\/asiamortar.com.vn\/ja\/?s={search_term_string}\",\"query-input\":\"required name=search_term_string\"}],\"inLanguage\":\"km-KH\"},{\"@type\":\"WebPage\",\"@id\":\"https:\/\/asiamortar.com.vn\/san-pham\/am-dura-crete-hardener-e-2\/#webpage\",\"url\":\"https:\/\/asiamortar.com.vn\/san-pham\/am-dura-crete-hardener-e-2\/\",\"name\":\"[:vi]AM DURA-CRETE HARDENER (E)[:en]AM DURA-CRETE HARDENER (E)[:zh]am Dura-Crete Hardener (E)[:kh]am Dura-Crete Hardener (E) [:] - ASIA MORTAR\",\"isPartOf\":{\"@id\":\"https:\/\/asiamortar.com.vn\/ja\/#website\"},\"datePublished\":\"2020-06-24T08:49:10+00:00\",\"dateModified\":\"2023-03-15T07:45:27+00:00\",\"inLanguage\":\"km-KH\",\"potentialAction\":[{\"@type\":\"ReadAction\",\"target\":[\"https:\/\/asiamortar.com.vn\/san-pham\/am-dura-crete-hardener-e-2\/\"]}]}]}<\/script>\n<!-- \/ Yoast SEO plugin. -->","_links":{"self":[{"href":"https:\/\/asiamortar.com.vn\/kh\/wp-json\/wp\/v2\/product\/525"}],"collection":[{"href":"https:\/\/asiamortar.com.vn\/kh\/wp-json\/wp\/v2\/product"}],"about":[{"href":"https:\/\/asiamortar.com.vn\/kh\/wp-json\/wp\/v2\/types\/product"}],"wp:attachment":[{"href":"https:\/\/asiamortar.com.vn\/kh\/wp-json\/wp\/v2\/media?parent=525"}],"curies":[{"name":"wp","href":"https:\/\/api.w.org\/{rel}","templated":true}]}}