{"id":528,"date":"2020-06-24T15:50:55","date_gmt":"2020-06-24T08:50:55","guid":{"rendered":"http:\/\/asiamortar.com.vn\/?post_type=product&#038;p=528"},"modified":"2023-03-15T14:02:11","modified_gmt":"2023-03-15T07:02:11","slug":"clinker-free-floor-topping-2","status":"publish","type":"product","link":"https:\/\/asiamortar.com.vn\/kh\/san-pham\/clinker-free-floor-topping-2\/","title":{"rendered":"Clinker Free Floor Topping"},"content":{"rendered":"<p class=\"qtranxs-available-languages-message qtranxs-available-languages-message-kh\">Sorry, this entry is only available in <a href=\"https:\/\/asiamortar.com.vn\/vi\/wp-json\/wp\/v2\/product\/528\" class=\"qtranxs-available-language-link qtranxs-available-language-link-vi\" title=\"Ti\u1ebfng Vi\u1ec7t\">\u179c\u17c0\u178f\u178e\u17b6\u1798<\/a> and <a href=\"https:\/\/asiamortar.com.vn\/en\/wp-json\/wp\/v2\/product\/528\" class=\"qtranxs-available-language-link qtranxs-available-language-link-en\" title=\"English\">\u17a2\u1784\u17cb\u1782\u17d2\u179b\u17c1\u179f (\u179f.\u179a.\u17a2)<\/a>.<\/p>","protected":false},"excerpt":{"rendered":"<p class=\"qtranxs-available-languages-message qtranxs-available-languages-message-kh\">Sorry, this entry is only available in <a href=\"https:\/\/asiamortar.com.vn\/vi\/wp-json\/wp\/v2\/product\/528\" class=\"qtranxs-available-language-link qtranxs-available-language-link-vi\" title=\"Ti\u1ebfng Vi\u1ec7t\">\u179c\u17c0\u178f\u178e\u17b6\u1798<\/a> and <a href=\"https:\/\/asiamortar.com.vn\/en\/wp-json\/wp\/v2\/product\/528\" class=\"qtranxs-available-language-link qtranxs-available-language-link-en\" title=\"English\">\u17a2\u1784\u17cb\u1782\u17d2\u179b\u17c1\u179f (\u179f.\u179a.\u17a2)<\/a>.<\/p>\n","protected":false},"featured_media":0,"template":"","meta":[],"yoast_head":"<!-- This site is optimized with the Yoast SEO plugin v15.3 - https:\/\/yoast.com\/wordpress\/plugins\/seo\/ -->\n<meta name=\"robots\" content=\"index, follow, max-snippet:-1, max-image-preview:large, max-video-preview:-1\" \/>\n<link rel=\"canonical\" href=\"https:\/\/asiamortar.com.vn\/san-pham\/clinker-free-floor-topping-2\/\" \/>\n<meta property=\"og:locale\" content=\"km_KH\" \/>\n<meta property=\"og:type\" content=\"article\" \/>\n<meta property=\"og:title\" content=\"[:vi]CLINKER FREE FLOOR TOPPING[:en]CLINKER FREE FLOOR TOPPING[:zh]Clinker Free Floor Topping[:kh]Clinker Free Floor Topping[:] - ASIA MORTAR\" \/>\n<meta property=\"og:description\" content=\"[:vi]  CLINKER FREE FLOOR TOPPING l\u00e0 m\u1ed9t s\u1ea3n ph\u1ea9m m\u1edbi ph\u00e1t tri\u1ec3n t\u1ef1 san l\u1ea5p m\u1eb7t b\u1eb1ng \u0111\u00f3ng g\u00f3i s\u1eb5n, m\u00f4i tr\u01b0\u1eddng l\u1edbp n\u1ec1n th\u00e2n thi\u1ec7n bao g\u1ed3m h\u1ea1t n\u1ed5 tr\u00ean m\u1eb7t \u0111\u1ea5t, x\u1ec9 l\u00f2 (GGBFS), c\u00e1t v\u00e0 ph\u1ee5 gia \u0111\u1eb7c bi\u1ec7t.  N\u00f3 \u0111\u01b0\u1ee3c thi\u1ebft k\u1ebf \u0111\u1eb7c bi\u1ec7t cho s\u00e0n b\u00ea t\u00f4ng m\u1edbi v\u00e0 c\u0169 c\u0169ng nh\u01b0 l\u1edbp ph\u1ee7 tr\u00ean boong. [:en]  CLINKER FREE FLOOR TOPPING is a newly developed self-levelling pre-packed, environmental friendly screed consist of Ground Granulated Blast Furnace Slag (GGBFS), sand and special additives.  It is specially design for new and old concrete floors as well as deck topping. [:]\" \/>\n<meta property=\"og:url\" content=\"https:\/\/asiamortar.com.vn\/san-pham\/clinker-free-floor-topping-2\/\" \/>\n<meta property=\"og:site_name\" content=\"ASIA MORTAR\" \/>\n<meta property=\"article:modified_time\" content=\"2023-03-15T07:02:11+00:00\" \/>\n<meta name=\"twitter:card\" content=\"summary_large_image\" \/>\n<meta name=\"twitter:label1\" content=\"Written by\">\n\t<meta name=\"twitter:data1\" content=\"Kh\u00e1ch H\u00e0ng Admin\">\n\t<meta name=\"twitter:label2\" content=\"Est. reading time\">\n\t<meta name=\"twitter:data2\" content=\"1 minute\">\n<script type=\"application\/ld+json\" class=\"yoast-schema-graph\">{\"@context\":\"https:\/\/schema.org\",\"@graph\":[{\"@type\":\"WebSite\",\"@id\":\"https:\/\/asiamortar.com.vn\/ja\/#website\",\"url\":\"https:\/\/asiamortar.com.vn\/ja\/\",\"name\":\"ASIA MORTAR\",\"description\":\"\",\"potentialAction\":[{\"@type\":\"SearchAction\",\"target\":\"https:\/\/asiamortar.com.vn\/ja\/?s={search_term_string}\",\"query-input\":\"required name=search_term_string\"}],\"inLanguage\":\"km-KH\"},{\"@type\":\"WebPage\",\"@id\":\"https:\/\/asiamortar.com.vn\/san-pham\/clinker-free-floor-topping-2\/#webpage\",\"url\":\"https:\/\/asiamortar.com.vn\/san-pham\/clinker-free-floor-topping-2\/\",\"name\":\"[:vi]CLINKER FREE FLOOR TOPPING[:en]CLINKER FREE FLOOR TOPPING[:zh]Clinker Free Floor Topping[:kh]Clinker Free Floor Topping[:] - ASIA MORTAR\",\"isPartOf\":{\"@id\":\"https:\/\/asiamortar.com.vn\/ja\/#website\"},\"datePublished\":\"2020-06-24T08:50:55+00:00\",\"dateModified\":\"2023-03-15T07:02:11+00:00\",\"inLanguage\":\"km-KH\",\"potentialAction\":[{\"@type\":\"ReadAction\",\"target\":[\"https:\/\/asiamortar.com.vn\/san-pham\/clinker-free-floor-topping-2\/\"]}]}]}<\/script>\n<!-- \/ Yoast SEO plugin. -->","_links":{"self":[{"href":"https:\/\/asiamortar.com.vn\/kh\/wp-json\/wp\/v2\/product\/528"}],"collection":[{"href":"https:\/\/asiamortar.com.vn\/kh\/wp-json\/wp\/v2\/product"}],"about":[{"href":"https:\/\/asiamortar.com.vn\/kh\/wp-json\/wp\/v2\/types\/product"}],"wp:attachment":[{"href":"https:\/\/asiamortar.com.vn\/kh\/wp-json\/wp\/v2\/media?parent=528"}],"curies":[{"name":"wp","href":"https:\/\/api.w.org\/{rel}","templated":true}]}}