{"id":532,"date":"2020-06-24T15:53:44","date_gmt":"2020-06-24T08:53:44","guid":{"rendered":"http:\/\/asiamortar.com.vn\/?post_type=product&#038;p=532"},"modified":"2023-03-15T14:06:08","modified_gmt":"2023-03-15T07:06:08","slug":"am-epoxicote-403-sm-2","status":"publish","type":"product","link":"https:\/\/asiamortar.com.vn\/kh\/san-pham\/am-epoxicote-403-sm-2\/","title":{"rendered":"am Epoxicote 403 SM"},"content":{"rendered":"<p class=\"qtranxs-available-languages-message qtranxs-available-languages-message-kh\">Sorry, this entry is only available in <a href=\"https:\/\/asiamortar.com.vn\/vi\/wp-json\/wp\/v2\/product\/532\" class=\"qtranxs-available-language-link qtranxs-available-language-link-vi\" title=\"Ti\u1ebfng Vi\u1ec7t\">\u179c\u17c0\u178f\u178e\u17b6\u1798<\/a> and <a href=\"https:\/\/asiamortar.com.vn\/en\/wp-json\/wp\/v2\/product\/532\" class=\"qtranxs-available-language-link qtranxs-available-language-link-en\" title=\"English\">\u17a2\u1784\u17cb\u1782\u17d2\u179b\u17c1\u179f (\u179f.\u179a.\u17a2)<\/a>.<\/p>","protected":false},"excerpt":{"rendered":"<p class=\"qtranxs-available-languages-message qtranxs-available-languages-message-kh\">Sorry, this entry is only available in <a href=\"https:\/\/asiamortar.com.vn\/vi\/wp-json\/wp\/v2\/product\/532\" class=\"qtranxs-available-language-link qtranxs-available-language-link-vi\" title=\"Ti\u1ebfng Vi\u1ec7t\">\u179c\u17c0\u178f\u178e\u17b6\u1798<\/a> and <a href=\"https:\/\/asiamortar.com.vn\/en\/wp-json\/wp\/v2\/product\/532\" class=\"qtranxs-available-language-link qtranxs-available-language-link-en\" title=\"English\">\u17a2\u1784\u17cb\u1782\u17d2\u179b\u17c1\u179f (\u179f.\u179a.\u17a2)<\/a>.<\/p>\n","protected":false},"featured_media":2180,"template":"","meta":[],"yoast_head":"<!-- This site is optimized with the Yoast SEO plugin v15.3 - https:\/\/yoast.com\/wordpress\/plugins\/seo\/ -->\n<meta name=\"robots\" content=\"index, follow, max-snippet:-1, max-image-preview:large, max-video-preview:-1\" \/>\n<link rel=\"canonical\" href=\"https:\/\/asiamortar.com.vn\/san-pham\/am-epoxicote-403-sm-2\/\" \/>\n<meta property=\"og:locale\" content=\"km_KH\" \/>\n<meta property=\"og:type\" content=\"article\" \/>\n<meta property=\"og:title\" content=\"[:vi]AM EPOXICOTE 403 SM[:en]AM EPOXICOTE 403 SM[:zh]am Epoxicote 403 SM[:kh]am Epoxicote 403 SM[:] - ASIA MORTAR\" \/>\n<meta property=\"og:description\" content=\"[:vi]  AM EPOXICOTE 403 SM\u00a0l\u00e0 h\u1ec7 th\u1ed1ng n\u1ec1n ph\u1ee7 b\u1ea3o v\u1ec7 c\u00f4ng nghi\u1ec7p, g\u1ed1c nh\u1ef1a epoxy t\u1ef1 ph\u1eb3ng, 3 th\u00e0nh ph\u1ea7n.  H\u1ec7 th\u1ed1ng n\u1ec1n epoxy \u0111\u01b0\u1ee3c ph\u1ee7 li\u00ean t\u1ee5c, kh\u00f4ng m\u00ed n\u1ed1i, c\u00f3 t\u00ednh ch\u1ecbu l\u1ef1c, m\u00e0i m\u00f2n cao v\u00e0 kh\u00e1ng h\u00f3a ch\u1ea5t tuy\u1ec7t v\u1eddi. [:en]  AM EPOXICOTE 403 SM is a 3-component, solvent-free, self-smoothening epoxy floor system.\u00a0  When cured, it forms a heavy duty seamless floor which is highly resistant to chemicals and abrasion. [:]\" \/>\n<meta property=\"og:url\" content=\"https:\/\/asiamortar.com.vn\/san-pham\/am-epoxicote-403-sm-2\/\" \/>\n<meta property=\"og:site_name\" content=\"ASIA MORTAR\" \/>\n<meta property=\"article:modified_time\" content=\"2023-03-15T07:06:08+00:00\" \/>\n<meta property=\"og:image\" content=\"https:\/\/asiamortar.com.vn\/wp-content\/uploads\/2020\/06\/AM-EPOXICOTE-403-SM.png\" \/>\n\t<meta property=\"og:image:width\" content=\"900\" \/>\n\t<meta property=\"og:image:height\" content=\"1000\" \/>\n<meta name=\"twitter:card\" content=\"summary_large_image\" \/>\n<meta name=\"twitter:label1\" content=\"Written by\">\n\t<meta name=\"twitter:data1\" content=\"Kh\u00e1ch H\u00e0ng Admin\">\n\t<meta name=\"twitter:label2\" content=\"Est. reading time\">\n\t<meta name=\"twitter:data2\" content=\"1 minute\">\n<script type=\"application\/ld+json\" class=\"yoast-schema-graph\">{\"@context\":\"https:\/\/schema.org\",\"@graph\":[{\"@type\":\"WebSite\",\"@id\":\"https:\/\/asiamortar.com.vn\/ja\/#website\",\"url\":\"https:\/\/asiamortar.com.vn\/ja\/\",\"name\":\"ASIA MORTAR\",\"description\":\"\",\"potentialAction\":[{\"@type\":\"SearchAction\",\"target\":\"https:\/\/asiamortar.com.vn\/ja\/?s={search_term_string}\",\"query-input\":\"required name=search_term_string\"}],\"inLanguage\":\"km-KH\"},{\"@type\":\"ImageObject\",\"@id\":\"https:\/\/asiamortar.com.vn\/san-pham\/am-epoxicote-403-sm-2\/#primaryimage\",\"inLanguage\":\"km-KH\",\"url\":\"https:\/\/asiamortar.com.vn\/wp-content\/uploads\/2020\/06\/AM-EPOXICOTE-403-SM.png\",\"width\":900,\"height\":1000,\"caption\":\"Am Epoxicote 403 Sm\"},{\"@type\":\"WebPage\",\"@id\":\"https:\/\/asiamortar.com.vn\/san-pham\/am-epoxicote-403-sm-2\/#webpage\",\"url\":\"https:\/\/asiamortar.com.vn\/san-pham\/am-epoxicote-403-sm-2\/\",\"name\":\"[:vi]AM EPOXICOTE 403 SM[:en]AM EPOXICOTE 403 SM[:zh]am Epoxicote 403 SM[:kh]am Epoxicote 403 SM[:] - ASIA MORTAR\",\"isPartOf\":{\"@id\":\"https:\/\/asiamortar.com.vn\/ja\/#website\"},\"primaryImageOfPage\":{\"@id\":\"https:\/\/asiamortar.com.vn\/san-pham\/am-epoxicote-403-sm-2\/#primaryimage\"},\"datePublished\":\"2020-06-24T08:53:44+00:00\",\"dateModified\":\"2023-03-15T07:06:08+00:00\",\"inLanguage\":\"km-KH\",\"potentialAction\":[{\"@type\":\"ReadAction\",\"target\":[\"https:\/\/asiamortar.com.vn\/san-pham\/am-epoxicote-403-sm-2\/\"]}]}]}<\/script>\n<!-- \/ Yoast SEO plugin. -->","_links":{"self":[{"href":"https:\/\/asiamortar.com.vn\/kh\/wp-json\/wp\/v2\/product\/532"}],"collection":[{"href":"https:\/\/asiamortar.com.vn\/kh\/wp-json\/wp\/v2\/product"}],"about":[{"href":"https:\/\/asiamortar.com.vn\/kh\/wp-json\/wp\/v2\/types\/product"}],"wp:featuredmedia":[{"embeddable":true,"href":"https:\/\/asiamortar.com.vn\/kh\/wp-json\/wp\/v2\/media\/2180"}],"wp:attachment":[{"href":"https:\/\/asiamortar.com.vn\/kh\/wp-json\/wp\/v2\/media?parent=532"}],"curies":[{"name":"wp","href":"https:\/\/api.w.org\/{rel}","templated":true}]}}