{"id":546,"date":"2020-06-24T16:06:05","date_gmt":"2020-06-24T09:06:05","guid":{"rendered":"http:\/\/asiamortar.com.vn\/?post_type=product&#038;p=546"},"modified":"2021-02-28T10:37:02","modified_gmt":"2021-02-28T03:37:02","slug":"am-render-fr","status":"publish","type":"product","link":"https:\/\/asiamortar.com.vn\/kh\/san-pham\/am-render-fr\/","title":{"rendered":"am Render FR"},"content":{"rendered":"<p class=\"qtranxs-available-languages-message qtranxs-available-languages-message-kh\">Sorry, this entry is only available in <a href=\"https:\/\/asiamortar.com.vn\/vi\/wp-json\/wp\/v2\/product\/546\" class=\"qtranxs-available-language-link qtranxs-available-language-link-vi\" title=\"Ti\u1ebfng Vi\u1ec7t\">\u179c\u17c0\u178f\u178e\u17b6\u1798<\/a> and <a href=\"https:\/\/asiamortar.com.vn\/en\/wp-json\/wp\/v2\/product\/546\" class=\"qtranxs-available-language-link qtranxs-available-language-link-en\" title=\"English\">\u17a2\u1784\u17cb\u1782\u17d2\u179b\u17c1\u179f (\u179f.\u179a.\u17a2)<\/a>.<\/p>","protected":false},"excerpt":{"rendered":"<p class=\"qtranxs-available-languages-message qtranxs-available-languages-message-kh\">Sorry, this entry is only available in <a href=\"https:\/\/asiamortar.com.vn\/vi\/wp-json\/wp\/v2\/product\/546\" class=\"qtranxs-available-language-link qtranxs-available-language-link-vi\" title=\"Ti\u1ebfng Vi\u1ec7t\">\u179c\u17c0\u178f\u178e\u17b6\u1798<\/a> and <a href=\"https:\/\/asiamortar.com.vn\/en\/wp-json\/wp\/v2\/product\/546\" class=\"qtranxs-available-language-link qtranxs-available-language-link-en\" title=\"English\">\u17a2\u1784\u17cb\u1782\u17d2\u179b\u17c1\u179f (\u179f.\u179a.\u17a2)<\/a>.<\/p>\n","protected":false},"featured_media":0,"template":"","meta":[],"yoast_head":"<!-- This site is optimized with the Yoast SEO plugin v15.3 - https:\/\/yoast.com\/wordpress\/plugins\/seo\/ -->\n<meta name=\"robots\" content=\"index, follow, max-snippet:-1, max-image-preview:large, max-video-preview:-1\" \/>\n<link rel=\"canonical\" href=\"https:\/\/asiamortar.com.vn\/san-pham\/am-render-fr\/\" \/>\n<meta property=\"og:locale\" content=\"km_KH\" \/>\n<meta property=\"og:type\" content=\"article\" \/>\n<meta property=\"og:title\" content=\"am Render FR - ASIA MORTAR\" \/>\n<meta property=\"og:description\" content=\"[:vi]am RENDER FR l\u00e0 m\u1ed9t lo\u1ea1i v\u1eefa phun ch\u1ed1ng ch\u00e1y g\u1ed1c xi m\u0103ng tr\u1ed9n s\u1eb5n bao g\u1ed3m xi m\u0103ng, c\u1ed1t li\u1ec7u \u0111\u1eb7c bi\u1ec7t v\u00e0 ph\u1ee5 gia. Khi tr\u1ed9n v\u1edbi n\u01b0\u1edbc, n\u00f3 mang l\u1ea1i kh\u1ea3 n\u0103ng l\u00e0m vi\u1ec7c tuy\u1ec7t v\u1eddi v\u00e0 d\u1ec5 s\u1eed d\u1ee5ng.  am RENDER FR cung c\u1ea5p m\u1ed9t li\u00ean k\u1ebft tuy\u1ec7t v\u1eddi cho b\u00ea t\u00f4ng, n\u1ec1n g\u1ea1ch, c\u00e1c c\u1ea5u ki\u1ec7n th\u00e9p, cho c\u00e1c \u1ee9ng d\u1ee5ng n\u1ed9i b\u1ed9. N\u00f3 s\u1ebd \u0111\u00e1p \u1ee9ng c\u00e1c y\u00eau c\u1ea7u ph\u00f2ng ch\u00e1y ch\u1eefa ch\u00e1y th\u01b0\u01a1ng m\u1ea1i v\u00e0 c\u00f4ng nghi\u1ec7p v\u1edbi kh\u1ea3 n\u0103ng ch\u1ed1ng ch\u00e1y l\u00ean \u0111\u1ebfn 2 gi\u1edd.[:en]am RENDER FR is a premixed cement based fire resistance spray plaster consists of cement, special aggregates and additives. When mixed with water, it gives an excellent workability that is easy to use. am RENDER FR provides an excellent bond to concrete, brick substrates, structural steel members, for internal applications. It will meet commercial and industrial fire protection requirements with a fire rating of up to 2 hours.[:]\" \/>\n<meta property=\"og:url\" content=\"https:\/\/asiamortar.com.vn\/san-pham\/am-render-fr\/\" \/>\n<meta property=\"og:site_name\" content=\"ASIA MORTAR\" \/>\n<meta property=\"article:modified_time\" content=\"2021-02-28T03:37:02+00:00\" \/>\n<meta name=\"twitter:card\" content=\"summary_large_image\" \/>\n<meta name=\"twitter:label1\" content=\"Written by\">\n\t<meta name=\"twitter:data1\" content=\"Kh\u00e1ch H\u00e0ng Admin\">\n\t<meta name=\"twitter:label2\" content=\"Est. reading time\">\n\t<meta name=\"twitter:data2\" content=\"1 minute\">\n<script type=\"application\/ld+json\" class=\"yoast-schema-graph\">{\"@context\":\"https:\/\/schema.org\",\"@graph\":[{\"@type\":\"WebSite\",\"@id\":\"https:\/\/asiamortar.com.vn\/ja\/#website\",\"url\":\"https:\/\/asiamortar.com.vn\/ja\/\",\"name\":\"ASIA MORTAR\",\"description\":\"\",\"potentialAction\":[{\"@type\":\"SearchAction\",\"target\":\"https:\/\/asiamortar.com.vn\/ja\/?s={search_term_string}\",\"query-input\":\"required name=search_term_string\"}],\"inLanguage\":\"km-KH\"},{\"@type\":\"WebPage\",\"@id\":\"https:\/\/asiamortar.com.vn\/san-pham\/am-render-fr\/#webpage\",\"url\":\"https:\/\/asiamortar.com.vn\/san-pham\/am-render-fr\/\",\"name\":\"am Render FR - ASIA MORTAR\",\"isPartOf\":{\"@id\":\"https:\/\/asiamortar.com.vn\/ja\/#website\"},\"datePublished\":\"2020-06-24T09:06:05+00:00\",\"dateModified\":\"2021-02-28T03:37:02+00:00\",\"inLanguage\":\"km-KH\",\"potentialAction\":[{\"@type\":\"ReadAction\",\"target\":[\"https:\/\/asiamortar.com.vn\/san-pham\/am-render-fr\/\"]}]}]}<\/script>\n<!-- \/ Yoast SEO plugin. -->","_links":{"self":[{"href":"https:\/\/asiamortar.com.vn\/kh\/wp-json\/wp\/v2\/product\/546"}],"collection":[{"href":"https:\/\/asiamortar.com.vn\/kh\/wp-json\/wp\/v2\/product"}],"about":[{"href":"https:\/\/asiamortar.com.vn\/kh\/wp-json\/wp\/v2\/types\/product"}],"wp:attachment":[{"href":"https:\/\/asiamortar.com.vn\/kh\/wp-json\/wp\/v2\/media?parent=546"}],"curies":[{"name":"wp","href":"https:\/\/api.w.org\/{rel}","templated":true}]}}