{"id":562,"date":"2020-06-24T16:17:01","date_gmt":"2020-06-24T09:17:01","guid":{"rendered":"http:\/\/asiamortar.com.vn\/?post_type=product&#038;p=562"},"modified":"2020-09-26T00:43:56","modified_gmt":"2020-09-25T17:43:56","slug":"am-pu-injection","status":"publish","type":"product","link":"https:\/\/asiamortar.com.vn\/kh\/san-pham\/am-pu-injection\/","title":{"rendered":"am PU Injection"},"content":{"rendered":"<p class=\"qtranxs-available-languages-message qtranxs-available-languages-message-kh\">Sorry, this entry is only available in <a href=\"https:\/\/asiamortar.com.vn\/vi\/wp-json\/wp\/v2\/product\/562\" class=\"qtranxs-available-language-link qtranxs-available-language-link-vi\" title=\"Ti\u1ebfng Vi\u1ec7t\">\u179c\u17c0\u178f\u178e\u17b6\u1798<\/a> and <a href=\"https:\/\/asiamortar.com.vn\/en\/wp-json\/wp\/v2\/product\/562\" class=\"qtranxs-available-language-link qtranxs-available-language-link-en\" title=\"English\">\u17a2\u1784\u17cb\u1782\u17d2\u179b\u17c1\u179f (\u179f.\u179a.\u17a2)<\/a>.<\/p>","protected":false},"excerpt":{"rendered":"<p class=\"qtranxs-available-languages-message qtranxs-available-languages-message-kh\">Sorry, this entry is only available in <a href=\"https:\/\/asiamortar.com.vn\/vi\/wp-json\/wp\/v2\/product\/562\" class=\"qtranxs-available-language-link qtranxs-available-language-link-vi\" title=\"Ti\u1ebfng Vi\u1ec7t\">\u179c\u17c0\u178f\u178e\u17b6\u1798<\/a> and <a href=\"https:\/\/asiamortar.com.vn\/en\/wp-json\/wp\/v2\/product\/562\" class=\"qtranxs-available-language-link qtranxs-available-language-link-en\" title=\"English\">\u17a2\u1784\u17cb\u1782\u17d2\u179b\u17c1\u179f (\u179f.\u179a.\u17a2)<\/a>.<\/p>\n","protected":false},"featured_media":0,"template":"","meta":[],"yoast_head":"<!-- This site is optimized with the Yoast SEO plugin v15.3 - https:\/\/yoast.com\/wordpress\/plugins\/seo\/ -->\n<meta name=\"robots\" content=\"index, follow, max-snippet:-1, max-image-preview:large, max-video-preview:-1\" \/>\n<link rel=\"canonical\" href=\"http:\/\/asiamortar.com.vn\/san-pham\/am-pu-injection\/\" \/>\n<meta property=\"og:locale\" content=\"km_KH\" \/>\n<meta property=\"og:type\" content=\"article\" \/>\n<meta property=\"og:title\" content=\"[:vi]am PU Injection[:en]am PU Injection[:zh]am PU Injection[:kh]am PU Injection[:] - ASIA MORTAR\" \/>\n<meta property=\"og:description\" content=\"[:vi]Nh\u1ef1a t\u1ed5ng h\u1ee3p g\u1ed1c Polyurethane m\u1ed9t th\u00e0nh ph\u1ea7n c\u00f3 \u0111\u1ed9 ch\u1ea3y r\u1ea5t cao, c\u00f3 th\u1ec3 \u0111i\u1ec3u ch\u1ec9nh th\u1eddi gian t\u00e1c d\u1ee5ng - d\u00f9ng \u0111\u1ec3 b\u01a1m v\u00e0o k\u1ebft c\u1ea5u ch\u1ed1ng th\u1ea5m, \u0111\u1ea5t v\u00e0 \u0111\u00e1 nh\u1eb1m ch\u1eb7n n\u01b0\u1edbc r\u00f2 r\u1ec9[:en]am PU- Injection is a one-component polyurethane resin, free of halogens, made up of a mix of isocyanides, special additives and an accelerator prepared according to a formula developed in the Asia Mortar research laboratories. During its pot life, am PU- Injection must be injected through special packers into the structure that needs to be waterproofed, by a piston pump or a membrane for onecomponent products. When the resin is in contact with water, it forms a semi-rigid waterproof polyurethane foam. Thanks to its high fluidity, am PU- Injection penetrates into several hundred micron wide cracks and can seal them even if they are subject to water seepage.[:]\" \/>\n<meta property=\"og:url\" content=\"http:\/\/asiamortar.com.vn\/san-pham\/am-pu-injection\/\" \/>\n<meta property=\"og:site_name\" content=\"ASIA MORTAR\" \/>\n<meta property=\"article:modified_time\" content=\"2020-09-25T17:43:56+00:00\" \/>\n<meta name=\"twitter:card\" content=\"summary_large_image\" \/>\n<meta name=\"twitter:label1\" content=\"Written by\">\n\t<meta name=\"twitter:data1\" content=\"Kh\u00e1ch H\u00e0ng Admin\">\n\t<meta name=\"twitter:label2\" content=\"Est. reading time\">\n\t<meta name=\"twitter:data2\" content=\"1 minute\">\n<script type=\"application\/ld+json\" class=\"yoast-schema-graph\">{\"@context\":\"https:\/\/schema.org\",\"@graph\":[{\"@type\":\"WebSite\",\"@id\":\"https:\/\/asiamortar.com.vn\/ja\/#website\",\"url\":\"https:\/\/asiamortar.com.vn\/ja\/\",\"name\":\"ASIA MORTAR\",\"description\":\"\",\"potentialAction\":[{\"@type\":\"SearchAction\",\"target\":\"https:\/\/asiamortar.com.vn\/ja\/?s={search_term_string}\",\"query-input\":\"required name=search_term_string\"}],\"inLanguage\":\"km-KH\"},{\"@type\":\"WebPage\",\"@id\":\"http:\/\/asiamortar.com.vn\/san-pham\/am-pu-injection\/#webpage\",\"url\":\"http:\/\/asiamortar.com.vn\/san-pham\/am-pu-injection\/\",\"name\":\"[:vi]am PU Injection[:en]am PU Injection[:zh]am PU Injection[:kh]am PU Injection[:] - ASIA MORTAR\",\"isPartOf\":{\"@id\":\"https:\/\/asiamortar.com.vn\/ja\/#website\"},\"datePublished\":\"2020-06-24T09:17:01+00:00\",\"dateModified\":\"2020-09-25T17:43:56+00:00\",\"inLanguage\":\"km-KH\",\"potentialAction\":[{\"@type\":\"ReadAction\",\"target\":[\"http:\/\/asiamortar.com.vn\/san-pham\/am-pu-injection\/\"]}]}]}<\/script>\n<!-- \/ Yoast SEO plugin. -->","_links":{"self":[{"href":"https:\/\/asiamortar.com.vn\/kh\/wp-json\/wp\/v2\/product\/562"}],"collection":[{"href":"https:\/\/asiamortar.com.vn\/kh\/wp-json\/wp\/v2\/product"}],"about":[{"href":"https:\/\/asiamortar.com.vn\/kh\/wp-json\/wp\/v2\/types\/product"}],"wp:attachment":[{"href":"https:\/\/asiamortar.com.vn\/kh\/wp-json\/wp\/v2\/media?parent=562"}],"curies":[{"name":"wp","href":"https:\/\/api.w.org\/{rel}","templated":true}]}}