{"id":1485,"date":"2020-12-31T08:04:21","date_gmt":"2020-12-31T01:04:21","guid":{"rendered":"https:\/\/asiamortar.com.vn\/?post_type=product&#038;p=1485"},"modified":"2023-03-10T10:41:13","modified_gmt":"2023-03-10T03:41:13","slug":"am-flexi-crete-hardener-n","status":"publish","type":"product","link":"https:\/\/asiamortar.com.vn\/zh\/san-pham\/am-flexi-crete-hardener-n\/","title":{"rendered":"AM FLEXI-CRETE HARDENER (N)"},"content":{"rendered":"<p class=\"qtranxs-available-languages-message qtranxs-available-languages-message-zh\">\u5bf9\u4e0d\u8d77\uff0c\u6b64\u5185\u5bb9\u53ea\u9002\u7528\u4e8e<a href=\"https:\/\/asiamortar.com.vn\/vi\/wp-json\/wp\/v2\/product\/1485\" class=\"qtranxs-available-language-link qtranxs-available-language-link-vi\" title=\"Ti\u1ebfng Vi\u1ec7t\">\u8d8a\u5357\u6587<\/a>\u548c<a href=\"https:\/\/asiamortar.com.vn\/en\/wp-json\/wp\/v2\/product\/1485\" class=\"qtranxs-available-language-link qtranxs-available-language-link-en\" title=\"English\">\u7f8e\u5f0f\u82f1\u6587<\/a>\u3002<\/p>","protected":false},"excerpt":{"rendered":"<p class=\"qtranxs-available-languages-message qtranxs-available-languages-message-zh\">\u5bf9\u4e0d\u8d77\uff0c\u6b64\u5185\u5bb9\u53ea\u9002\u7528\u4e8e<a href=\"https:\/\/asiamortar.com.vn\/vi\/wp-json\/wp\/v2\/product\/1485\" class=\"qtranxs-available-language-link qtranxs-available-language-link-vi\" title=\"Ti\u1ebfng Vi\u1ec7t\">\u8d8a\u5357\u6587<\/a>\u548c<a href=\"https:\/\/asiamortar.com.vn\/en\/wp-json\/wp\/v2\/product\/1485\" class=\"qtranxs-available-language-link qtranxs-available-language-link-en\" title=\"English\">\u7f8e\u5f0f\u82f1\u6587<\/a>\u3002<\/p>\n","protected":false},"featured_media":2382,"template":"","meta":[],"yoast_head":"<!-- This site is optimized with the Yoast SEO plugin v15.3 - https:\/\/yoast.com\/wordpress\/plugins\/seo\/ -->\n<meta name=\"robots\" content=\"index, follow, max-snippet:-1, max-image-preview:large, max-video-preview:-1\" \/>\n<link rel=\"canonical\" href=\"https:\/\/asiamortar.com.vn\/san-pham\/am-flexi-crete-hardener-n\/\" \/>\n<meta property=\"og:locale\" content=\"zh_CN\" \/>\n<meta property=\"og:type\" content=\"article\" \/>\n<meta property=\"og:title\" content=\"[:vi]AM FLEXI-CRETE HARDENER (N)[:en]AM FLEXI-CRETE HARDENER (N)[:] - ASIA MORTAR\" \/>\n<meta property=\"og:description\" content=\"[:vi]  AM FLEXI-CRETE HARDENER (N) l\u00e0 h\u1ed7n h\u1ee3p \u0111\u01b0\u1ee3c tr\u1ed9n b\u1edfi c\u00e1t th\u1ea1ch anh m\u1ecbn silicat kh\u00f4ng kim lo\u1ea1i v\u1edbi ph\u1ee5 gia v\u00e0 ch\u1ea5t \u0111\u1ed9n xi m\u0103ng. L\u00e0 ch\u1ea5t l\u00e0m c\u1ee9ng n\u1ec1n c\u1ed1t li\u1ec7u t\u1ef1 nhi\u00ean \u0111\u01b0\u1ee3c tr\u1ed9n s\u1eb5n s\u1eed d\u1ee5ng cho n\u1ec1n, s\u00e0n y\u00eau c\u1ea7u ch\u1ed1ng m\u00e0i m\u00f2n, ch\u1ed1ng tr\u01a1n tr\u01b0\u1ee3t trong nh\u00e0 v\u00e0 ngo\u00e0i tr\u1eddi.  S\u1ea3n ph\u1ea9m kh\u00f4ng b\u1ecb r\u1ec9 s\u00e9t trong khi s\u1eed d\u1ee5ng n\u00ean th\u00edch h\u1ee3p v\u1edbi c\u00e1c khu v\u1ef1c \u1ea9m \u01b0\u1edbt th\u01b0\u1eddng xuy\u00ean.  AM FLEXI-CRETE HARDENER (N) c\u00f3 m\u00e0u x\u00e1m xi m\u0103ng t\u1ef1 nhi\u00ean ho\u1eb7c m\u00e0u trang tr\u00ed kh\u00e1c nh\u01b0 \u0111\u1ecf, g\u1ea1ch, \u0111en, xanh l\u00e1, n\u00e2u ho\u1eb7c n\u00e2u v\u00e0ng. [:en]  AM FLEXI-CRETE HARDENER (N) is a quartz-silica mixture of finely graded non-metallic aggregates, plasticizer and cement binder. It is a ready to use non-metallic floor hardener, specially design to provide resistance to abrasion and slip resistance for both interior and exterior use.  It is nonrusting and can be used on floors that are frequently wet.  AM FLEXI-CRETE HARDENER (N)\u00a0is available in a natural cement colour or in decorative colours of tile red, terracotta, black, green, grey, brown and tan. [:]\" \/>\n<meta property=\"og:url\" content=\"https:\/\/asiamortar.com.vn\/san-pham\/am-flexi-crete-hardener-n\/\" \/>\n<meta property=\"og:site_name\" content=\"ASIA MORTAR\" \/>\n<meta property=\"article:modified_time\" content=\"2023-03-10T03:41:13+00:00\" \/>\n<meta property=\"og:image\" content=\"https:\/\/asiamortar.com.vn\/wp-content\/uploads\/2020\/12\/Hinh-19.png\" \/>\n\t<meta property=\"og:image:width\" content=\"544\" \/>\n\t<meta property=\"og:image:height\" content=\"796\" \/>\n<meta name=\"twitter:card\" content=\"summary_large_image\" \/>\n<meta name=\"twitter:label1\" content=\"\u4f5c\u8005\">\n\t<meta name=\"twitter:data1\" content=\"Kh\u00e1ch H\u00e0ng Admin\">\n\t<meta name=\"twitter:label2\" content=\"\u9884\u8ba1\u9605\u8bfb\u65f6\u95f4\">\n\t<meta name=\"twitter:data2\" content=\"2\u5206\">\n<script type=\"application\/ld+json\" class=\"yoast-schema-graph\">{\"@context\":\"https:\/\/schema.org\",\"@graph\":[{\"@type\":\"WebSite\",\"@id\":\"https:\/\/asiamortar.com.vn\/ja\/#website\",\"url\":\"https:\/\/asiamortar.com.vn\/ja\/\",\"name\":\"ASIA MORTAR\",\"description\":\"\",\"potentialAction\":[{\"@type\":\"SearchAction\",\"target\":\"https:\/\/asiamortar.com.vn\/ja\/?s={search_term_string}\",\"query-input\":\"required name=search_term_string\"}],\"inLanguage\":\"zh-CN\"},{\"@type\":\"ImageObject\",\"@id\":\"https:\/\/asiamortar.com.vn\/san-pham\/am-flexi-crete-hardener-n\/#primaryimage\",\"inLanguage\":\"zh-CN\",\"url\":\"https:\/\/asiamortar.com.vn\/wp-content\/uploads\/2020\/12\/Hinh-19.png\",\"width\":544,\"height\":796,\"caption\":\"H\\u00ecnh 19\"},{\"@type\":\"WebPage\",\"@id\":\"https:\/\/asiamortar.com.vn\/san-pham\/am-flexi-crete-hardener-n\/#webpage\",\"url\":\"https:\/\/asiamortar.com.vn\/san-pham\/am-flexi-crete-hardener-n\/\",\"name\":\"[:vi]AM FLEXI-CRETE HARDENER (N)[:en]AM FLEXI-CRETE HARDENER (N)[:] - ASIA MORTAR\",\"isPartOf\":{\"@id\":\"https:\/\/asiamortar.com.vn\/ja\/#website\"},\"primaryImageOfPage\":{\"@id\":\"https:\/\/asiamortar.com.vn\/san-pham\/am-flexi-crete-hardener-n\/#primaryimage\"},\"datePublished\":\"2020-12-31T01:04:21+00:00\",\"dateModified\":\"2023-03-10T03:41:13+00:00\",\"inLanguage\":\"zh-CN\",\"potentialAction\":[{\"@type\":\"ReadAction\",\"target\":[\"https:\/\/asiamortar.com.vn\/san-pham\/am-flexi-crete-hardener-n\/\"]}]}]}<\/script>\n<!-- \/ Yoast SEO plugin. -->","_links":{"self":[{"href":"https:\/\/asiamortar.com.vn\/zh\/wp-json\/wp\/v2\/product\/1485"}],"collection":[{"href":"https:\/\/asiamortar.com.vn\/zh\/wp-json\/wp\/v2\/product"}],"about":[{"href":"https:\/\/asiamortar.com.vn\/zh\/wp-json\/wp\/v2\/types\/product"}],"wp:featuredmedia":[{"embeddable":true,"href":"https:\/\/asiamortar.com.vn\/zh\/wp-json\/wp\/v2\/media\/2382"}],"wp:attachment":[{"href":"https:\/\/asiamortar.com.vn\/zh\/wp-json\/wp\/v2\/media?parent=1485"}],"curies":[{"name":"wp","href":"https:\/\/api.w.org\/{rel}","templated":true}]}}