{"id":1497,"date":"2020-12-31T08:47:10","date_gmt":"2020-12-31T01:47:10","guid":{"rendered":"https:\/\/asiamortar.com.vn\/?post_type=product&#038;p=1497"},"modified":"2021-03-01T10:18:46","modified_gmt":"2021-03-01T03:18:46","slug":"am-303","status":"publish","type":"product","link":"https:\/\/asiamortar.com.vn\/zh\/san-pham\/am-303\/","title":{"rendered":"am 303"},"content":{"rendered":"<p class=\"qtranxs-available-languages-message qtranxs-available-languages-message-zh\">\u5bf9\u4e0d\u8d77\uff0c\u6b64\u5185\u5bb9\u53ea\u9002\u7528\u4e8e<a href=\"https:\/\/asiamortar.com.vn\/vi\/wp-json\/wp\/v2\/product\/1497\" class=\"qtranxs-available-language-link qtranxs-available-language-link-vi\" title=\"Ti\u1ebfng Vi\u1ec7t\">\u8d8a\u5357\u6587<\/a>\u548c<a href=\"https:\/\/asiamortar.com.vn\/en\/wp-json\/wp\/v2\/product\/1497\" class=\"qtranxs-available-language-link qtranxs-available-language-link-en\" title=\"English\">\u7f8e\u5f0f\u82f1\u6587<\/a>\u3002<\/p>","protected":false},"excerpt":{"rendered":"<p class=\"qtranxs-available-languages-message qtranxs-available-languages-message-zh\">\u5bf9\u4e0d\u8d77\uff0c\u6b64\u5185\u5bb9\u53ea\u9002\u7528\u4e8e<a href=\"https:\/\/asiamortar.com.vn\/vi\/wp-json\/wp\/v2\/product\/1497\" class=\"qtranxs-available-language-link qtranxs-available-language-link-vi\" title=\"Ti\u1ebfng Vi\u1ec7t\">\u8d8a\u5357\u6587<\/a>\u548c<a href=\"https:\/\/asiamortar.com.vn\/en\/wp-json\/wp\/v2\/product\/1497\" class=\"qtranxs-available-language-link qtranxs-available-language-link-en\" title=\"English\">\u7f8e\u5f0f\u82f1\u6587<\/a>\u3002<\/p>\n","protected":false},"featured_media":613,"template":"","meta":[],"yoast_head":"<!-- This site is optimized with the Yoast SEO plugin v15.3 - https:\/\/yoast.com\/wordpress\/plugins\/seo\/ -->\n<meta name=\"robots\" content=\"index, follow, max-snippet:-1, max-image-preview:large, max-video-preview:-1\" \/>\n<link rel=\"canonical\" href=\"https:\/\/asiamortar.com.vn\/san-pham\/am-303\/\" \/>\n<meta property=\"og:locale\" content=\"zh_CN\" \/>\n<meta property=\"og:type\" content=\"article\" \/>\n<meta property=\"og:title\" content=\"[:vi]am 303[:en]am Crete 303[:] - ASIA MORTAR\" \/>\n<meta property=\"og:description\" content=\"[:vi]am 303 l\u00e0 s\u1ea3n ph\u1ea9m v\u1eefa s\u1eeda ch\u1eefa, hai th\u00e0nh ph\u1ea7n g\u1ed1c xi m\u0103ng c\u00f3 t\u0103ng c\u01b0\u1eddng Polymer. \u0110\u01b0\u1ee3c d\u00f9ng trong vi\u1ec7c tr\u00e1m, s\u1eeda ch\u1eefa, \u0111\u1ed5 \u0111\u1ea7y v\u00e0 l\u00e0m ph\u1eb3ng b\u00ea t\u00f4ng c\u1ed1t th\u00e9p ho\u1eb7c s\u1eeda ch\u1eefa c\u00e1c b\u1ec1 m\u1eb7t g\u1ed1c xi m\u0103ng. am 303 \u0111\u01b0\u1ee3c cung c\u1ea5p \u1edf d\u1ea1ng hai th\u00e0nh ph\u1ea7n nh\u1eb1m \u0111\u1ea3m b\u1ea3o s\u1ef1 \u0111\u1ed3ng nh\u1ea5t khi tr\u1ed9n t\u1ea1i c\u00f4ng tr\u01b0\u1eddng. Th\u00e0nh ph\u1ea7n A tr\u1ed9n \u0111\u1ea7y \u0111\u1ee7 v\u1edbi th\u00e0nh ph\u1ea7n B t\u1ea1o n\u00ean h\u1ed7n h\u1ee3p v\u1eefa m\u00e0 sau khi \u0111\u00f3ng r\u1eafn c\u00f3 c\u01b0\u1eddng \u0111\u1ed9 r\u1ea5t cao, \u0111\u1ed9 b\u00e1m d\u00ednh t\u1ed1t, b\u1ec1n v\u00e0 kh\u00f4ng co ng\u00f3t.[:en]am 303 is a two part, pre-packed, polymer modified cementitious repair mortar. It is\u00a0 used for patching, repairing, filling and leveling of reinforced concrete or any cementitious surfaces. It is supplied in 2 components so as to eliminate errors in site mixing. PART A is mixed completely with PART B to form a high strength, cohesive, durable and non-shrink mortar.[:]\" \/>\n<meta property=\"og:url\" content=\"https:\/\/asiamortar.com.vn\/san-pham\/am-303\/\" \/>\n<meta property=\"og:site_name\" content=\"ASIA MORTAR\" \/>\n<meta property=\"article:modified_time\" content=\"2021-03-01T03:18:46+00:00\" \/>\n<meta property=\"og:image\" content=\"https:\/\/asiamortar.com.vn\/wp-content\/uploads\/2020\/06\/am-303.png\" \/>\n\t<meta property=\"og:image:width\" content=\"585\" \/>\n\t<meta property=\"og:image:height\" content=\"650\" \/>\n<meta name=\"twitter:card\" content=\"summary_large_image\" \/>\n<meta name=\"twitter:label1\" content=\"\u4f5c\u8005\">\n\t<meta name=\"twitter:data1\" content=\"Kh\u00e1ch H\u00e0ng Admin\">\n\t<meta name=\"twitter:label2\" content=\"\u9884\u8ba1\u9605\u8bfb\u65f6\u95f4\">\n\t<meta name=\"twitter:data2\" content=\"1\u5206\">\n<script type=\"application\/ld+json\" class=\"yoast-schema-graph\">{\"@context\":\"https:\/\/schema.org\",\"@graph\":[{\"@type\":\"WebSite\",\"@id\":\"https:\/\/asiamortar.com.vn\/ja\/#website\",\"url\":\"https:\/\/asiamortar.com.vn\/ja\/\",\"name\":\"ASIA MORTAR\",\"description\":\"\",\"potentialAction\":[{\"@type\":\"SearchAction\",\"target\":\"https:\/\/asiamortar.com.vn\/ja\/?s={search_term_string}\",\"query-input\":\"required name=search_term_string\"}],\"inLanguage\":\"zh-CN\"},{\"@type\":\"ImageObject\",\"@id\":\"https:\/\/asiamortar.com.vn\/san-pham\/am-303\/#primaryimage\",\"inLanguage\":\"zh-CN\",\"url\":\"https:\/\/asiamortar.com.vn\/wp-content\/uploads\/2020\/06\/am-303.png\",\"width\":585,\"height\":650,\"caption\":\"Am 303\"},{\"@type\":\"WebPage\",\"@id\":\"https:\/\/asiamortar.com.vn\/san-pham\/am-303\/#webpage\",\"url\":\"https:\/\/asiamortar.com.vn\/san-pham\/am-303\/\",\"name\":\"[:vi]am 303[:en]am Crete 303[:] - ASIA MORTAR\",\"isPartOf\":{\"@id\":\"https:\/\/asiamortar.com.vn\/ja\/#website\"},\"primaryImageOfPage\":{\"@id\":\"https:\/\/asiamortar.com.vn\/san-pham\/am-303\/#primaryimage\"},\"datePublished\":\"2020-12-31T01:47:10+00:00\",\"dateModified\":\"2021-03-01T03:18:46+00:00\",\"inLanguage\":\"zh-CN\",\"potentialAction\":[{\"@type\":\"ReadAction\",\"target\":[\"https:\/\/asiamortar.com.vn\/san-pham\/am-303\/\"]}]}]}<\/script>\n<!-- \/ Yoast SEO plugin. -->","_links":{"self":[{"href":"https:\/\/asiamortar.com.vn\/zh\/wp-json\/wp\/v2\/product\/1497"}],"collection":[{"href":"https:\/\/asiamortar.com.vn\/zh\/wp-json\/wp\/v2\/product"}],"about":[{"href":"https:\/\/asiamortar.com.vn\/zh\/wp-json\/wp\/v2\/types\/product"}],"wp:featuredmedia":[{"embeddable":true,"href":"https:\/\/asiamortar.com.vn\/zh\/wp-json\/wp\/v2\/media\/613"}],"wp:attachment":[{"href":"https:\/\/asiamortar.com.vn\/zh\/wp-json\/wp\/v2\/media?parent=1497"}],"curies":[{"name":"wp","href":"https:\/\/api.w.org\/{rel}","templated":true}]}}