{"id":2190,"date":"2021-04-01T11:31:05","date_gmt":"2021-04-01T04:31:05","guid":{"rendered":"https:\/\/asiamortar.com.vn\/?post_type=product&#038;p=2190"},"modified":"2023-03-22T10:04:29","modified_gmt":"2023-03-22T03:04:29","slug":"am-flexicrete-lh-d-p","status":"publish","type":"product","link":"https:\/\/asiamortar.com.vn\/zh\/san-pham\/am-flexicrete-lh-d-p\/","title":{"rendered":"AM FLEXICRETE LH (D-P)"},"content":{"rendered":"<p class=\"qtranxs-available-languages-message qtranxs-available-languages-message-zh\">\u5bf9\u4e0d\u8d77\uff0c\u6b64\u5185\u5bb9\u53ea\u9002\u7528\u4e8e<a href=\"https:\/\/asiamortar.com.vn\/vi\/wp-json\/wp\/v2\/product\/2190\" class=\"qtranxs-available-language-link qtranxs-available-language-link-vi\" title=\"Ti\u1ebfng Vi\u1ec7t\">\u8d8a\u5357\u6587<\/a>\u3002<\/p>","protected":false},"excerpt":{"rendered":"<p class=\"qtranxs-available-languages-message qtranxs-available-languages-message-zh\">\u5bf9\u4e0d\u8d77\uff0c\u6b64\u5185\u5bb9\u53ea\u9002\u7528\u4e8e<a href=\"https:\/\/asiamortar.com.vn\/vi\/wp-json\/wp\/v2\/product\/2190\" class=\"qtranxs-available-language-link qtranxs-available-language-link-vi\" title=\"Ti\u1ebfng Vi\u1ec7t\">\u8d8a\u5357\u6587<\/a>\u3002<\/p>\n","protected":false},"featured_media":2406,"template":"","meta":[],"yoast_head":"<!-- This site is optimized with the Yoast SEO plugin v15.3 - https:\/\/yoast.com\/wordpress\/plugins\/seo\/ -->\n<meta name=\"robots\" content=\"index, follow, max-snippet:-1, max-image-preview:large, max-video-preview:-1\" \/>\n<link rel=\"canonical\" href=\"https:\/\/asiamortar.com.vn\/san-pham\/am-flexicrete-lh-d-p\/\" \/>\n<meta property=\"og:locale\" content=\"zh_CN\" \/>\n<meta property=\"og:type\" content=\"article\" \/>\n<meta property=\"og:title\" content=\"[:vi]AM FLEXICRETE LH (D-P)[:] - ASIA MORTAR\" \/>\n<meta property=\"og:description\" content=\"[:vi]  AM FLEXICRETE LH (D-P) l\u00e0 h\u1ed7n h\u1ee3p dung d\u1ecbch tr\u1ed9n l\u1eabn gi\u1eefa c\u00e1c th\u00e0nh ph\u1ea7n Silicate Sodium tr\u1ed9n Polymer v\u00f4 c\u01a1 c\u00f3 kh\u1ea3 n\u0103ng th\u00e2m nh\u1eadp, th\u1ea9m th\u1ea5u, t\u1ea1o l\u1edbp m\u00e0ng c\u1ee9ng m\u1ecfng cho c\u00e1c b\u1ec1 m\u1eb7t b\u00ea t\u00f4ng, v\u1eefa nh\u1eb1m gia t\u0103ng m\u1eadt \u0111\u1ed9 \u0111\u1eb7c ch\u1eafc v\u00e0 \u0111\u1ed9 c\u1ee9ng c\u1ee7a v\u1eefa, b\u00ea t\u00f4ng.  C\u00f4ng th\u1ee9c \u0111\u1ed9c quy\u1ec1n s\u1ea3n ph\u1ea9m ch\u1ee9a c\u00e1c th\u00e0nh ph\u1ea7n h\u1ea1t nh\u1ecf Nano ph\u1ea3n \u1ee9ng v\u1edbi v\u00f4i t\u1ef1 do n\u1eb1m s\u1eb5n trong b\u00ea t\u00f4ng, v\u1eefa nh\u1eb1m gia t\u0103ng m\u1ee9c \u0111\u1ed9 li\u00ean k\u1ebft c\u1ee7a c\u00e1c th\u00e0nh ph\u1ea7n xi m\u0103ng c\u00f3 trong n\u1ec1n b\u00ea t\u00f4ng, v\u1eefa.  S\u1ea3n ph\u1ea9m s\u1ebd cho m\u1ed9t b\u1ec1 m\u1eb7t b\u00ea t\u00f4ng, v\u1eefa ho\u00e0n thi\u1ec7n sau c\u00f9ng c\u00f3 \u0111\u1ed9 c\u1ee9ng v\u00e0 \u0111\u1eb7c ch\u1eafc cao nh\u1ea5t \u0111\u1ed3ng th\u1eddi gia t\u0103ng t\u1ed1i \u0111a v\u1ec1 kh\u1ea3 n\u0103ng ch\u1ecbu s\u1ef1 m\u00e0i m\u00f2n \u1edf b\u1ec1 m\u1eb7t m\u00e0 c\u00f3 m\u1eadt \u0111\u1ed9 l\u01b0u th\u00f4ng th\u01b0\u1eddng xuy\u00ean b\u1eb1ng n\u00e2ng ho\u1eb7c \u0111i b\u1ed9. S\u1ea3n ph\u1ea9m c\u00f3 g\u1ed1c n\u01b0\u1edbc n\u00ean th\u00e2n thi\u1ec7n v\u1edbi m\u00f4i tr\u01b0\u1eddng v\u00e0 th\u1ecfa ti\u00eau chu\u1ea9n V.O.C [:]\" \/>\n<meta property=\"og:url\" content=\"https:\/\/asiamortar.com.vn\/san-pham\/am-flexicrete-lh-d-p\/\" \/>\n<meta property=\"og:site_name\" content=\"ASIA MORTAR\" \/>\n<meta property=\"article:modified_time\" content=\"2023-03-22T03:04:29+00:00\" \/>\n<meta property=\"og:image\" content=\"https:\/\/asiamortar.com.vn\/wp-content\/uploads\/2021\/04\/z4201628515954_c3e788b8efcdb7e4a631b7545d64b00e.jpg\" \/>\n\t<meta property=\"og:image:width\" content=\"960\" \/>\n\t<meta property=\"og:image:height\" content=\"1280\" \/>\n<meta name=\"twitter:card\" content=\"summary_large_image\" \/>\n<meta name=\"twitter:label1\" content=\"\u4f5c\u8005\">\n\t<meta name=\"twitter:data1\" content=\"Kh\u00e1ch H\u00e0ng Admin\">\n\t<meta name=\"twitter:label2\" content=\"\u9884\u8ba1\u9605\u8bfb\u65f6\u95f4\">\n\t<meta name=\"twitter:data2\" content=\"1\u5206\">\n<script type=\"application\/ld+json\" class=\"yoast-schema-graph\">{\"@context\":\"https:\/\/schema.org\",\"@graph\":[{\"@type\":\"WebSite\",\"@id\":\"https:\/\/asiamortar.com.vn\/ja\/#website\",\"url\":\"https:\/\/asiamortar.com.vn\/ja\/\",\"name\":\"ASIA MORTAR\",\"description\":\"\",\"potentialAction\":[{\"@type\":\"SearchAction\",\"target\":\"https:\/\/asiamortar.com.vn\/ja\/?s={search_term_string}\",\"query-input\":\"required name=search_term_string\"}],\"inLanguage\":\"zh-CN\"},{\"@type\":\"ImageObject\",\"@id\":\"https:\/\/asiamortar.com.vn\/san-pham\/am-flexicrete-lh-d-p\/#primaryimage\",\"inLanguage\":\"zh-CN\",\"url\":\"https:\/\/asiamortar.com.vn\/wp-content\/uploads\/2021\/04\/z4201628515954_c3e788b8efcdb7e4a631b7545d64b00e.jpg\",\"width\":960,\"height\":1280,\"caption\":\"Z4201628515954 C3e788b8efcdb7e4a631b7545d64b00e\"},{\"@type\":\"WebPage\",\"@id\":\"https:\/\/asiamortar.com.vn\/san-pham\/am-flexicrete-lh-d-p\/#webpage\",\"url\":\"https:\/\/asiamortar.com.vn\/san-pham\/am-flexicrete-lh-d-p\/\",\"name\":\"[:vi]AM FLEXICRETE LH (D-P)[:] - ASIA MORTAR\",\"isPartOf\":{\"@id\":\"https:\/\/asiamortar.com.vn\/ja\/#website\"},\"primaryImageOfPage\":{\"@id\":\"https:\/\/asiamortar.com.vn\/san-pham\/am-flexicrete-lh-d-p\/#primaryimage\"},\"datePublished\":\"2021-04-01T04:31:05+00:00\",\"dateModified\":\"2023-03-22T03:04:29+00:00\",\"inLanguage\":\"zh-CN\",\"potentialAction\":[{\"@type\":\"ReadAction\",\"target\":[\"https:\/\/asiamortar.com.vn\/san-pham\/am-flexicrete-lh-d-p\/\"]}]}]}<\/script>\n<!-- \/ Yoast SEO plugin. -->","_links":{"self":[{"href":"https:\/\/asiamortar.com.vn\/zh\/wp-json\/wp\/v2\/product\/2190"}],"collection":[{"href":"https:\/\/asiamortar.com.vn\/zh\/wp-json\/wp\/v2\/product"}],"about":[{"href":"https:\/\/asiamortar.com.vn\/zh\/wp-json\/wp\/v2\/types\/product"}],"wp:featuredmedia":[{"embeddable":true,"href":"https:\/\/asiamortar.com.vn\/zh\/wp-json\/wp\/v2\/media\/2406"}],"wp:attachment":[{"href":"https:\/\/asiamortar.com.vn\/zh\/wp-json\/wp\/v2\/media?parent=2190"}],"curies":[{"name":"wp","href":"https:\/\/api.w.org\/{rel}","templated":true}]}}