{"id":463,"date":"2020-06-24T13:51:57","date_gmt":"2020-06-24T06:51:57","guid":{"rendered":"http:\/\/asiamortar.com.vn\/?post_type=product&#038;p=463"},"modified":"2020-09-24T14:35:04","modified_gmt":"2020-09-24T07:35:04","slug":"am-r10","status":"publish","type":"product","link":"https:\/\/asiamortar.com.vn\/zh\/san-pham\/am-r10\/","title":{"rendered":"am R10"},"content":{"rendered":"<p class=\"qtranxs-available-languages-message qtranxs-available-languages-message-zh\">\u5bf9\u4e0d\u8d77\uff0c\u6b64\u5185\u5bb9\u53ea\u9002\u7528\u4e8e<a href=\"https:\/\/asiamortar.com.vn\/vi\/wp-json\/wp\/v2\/product\/463\" class=\"qtranxs-available-language-link qtranxs-available-language-link-vi\" title=\"Ti\u1ebfng Vi\u1ec7t\">\u8d8a\u5357\u6587<\/a>\u548c<a href=\"https:\/\/asiamortar.com.vn\/en\/wp-json\/wp\/v2\/product\/463\" class=\"qtranxs-available-language-link qtranxs-available-language-link-en\" title=\"English\">\u7f8e\u5f0f\u82f1\u6587<\/a>\u3002<\/p>","protected":false},"excerpt":{"rendered":"<p class=\"qtranxs-available-languages-message qtranxs-available-languages-message-zh\">\u5bf9\u4e0d\u8d77\uff0c\u6b64\u5185\u5bb9\u53ea\u9002\u7528\u4e8e<a href=\"https:\/\/asiamortar.com.vn\/vi\/wp-json\/wp\/v2\/product\/463\" class=\"qtranxs-available-language-link qtranxs-available-language-link-vi\" title=\"Ti\u1ebfng Vi\u1ec7t\">\u8d8a\u5357\u6587<\/a>\u548c<a href=\"https:\/\/asiamortar.com.vn\/en\/wp-json\/wp\/v2\/product\/463\" class=\"qtranxs-available-language-link qtranxs-available-language-link-en\" title=\"English\">\u7f8e\u5f0f\u82f1\u6587<\/a>\u3002<\/p>\n","protected":false},"featured_media":0,"template":"","meta":[],"yoast_head":"<!-- This site is optimized with the Yoast SEO plugin v15.3 - https:\/\/yoast.com\/wordpress\/plugins\/seo\/ -->\n<meta name=\"robots\" content=\"index, follow, max-snippet:-1, max-image-preview:large, max-video-preview:-1\" \/>\n<link rel=\"canonical\" href=\"http:\/\/asiamortar.com.vn\/san-pham\/am-r10\/\" \/>\n<meta property=\"og:locale\" content=\"zh_CN\" \/>\n<meta property=\"og:type\" content=\"article\" \/>\n<meta property=\"og:title\" content=\"am R10 - ASIA MORTAR\" \/>\n<meta property=\"og:description\" content=\"[:vi]AM R10 l\u00e0 ph\u1ee5 gia h\u00f3a d\u1ebbo d\u1ea1ng l\u1ecfng c\u00f3 t\u00e1c d\u1ee5ng gi\u1ea3m n\u01b0\u1edbc, duy tr\u00ec \u0111\u1ed9 s\u1ee5t v\u00e0 k\u00e9o d\u00e0i th\u1eddi gian th\u1ee7y h\u00f3a cho b\u00ea t\u00f4ng. AM R10 ph\u00f9 h\u1ee3p theo ti\u00eau chu\u1ea9n ASTM C 494 \u0111\u1ed1i v\u1edbi lo\u1ea1i A (ph\u1ee5 gia gi\u1ea3m n\u01b0\u1edbc), lo\u1ea1i B (k\u00e9o d\u00e0i th\u1eddi gian \u0111\u00f4ng k\u1ebft), v\u00e0 lo\u1ea1i D (ph\u1ee5 gia gi\u1ea3m n\u01b0\u1edbc v\u00e0 k\u00e9o d\u00e0i th\u1eddi gian \u0111\u00f4ng k\u1ebft).[:en]AM R10 ready-to uses, admixture is used for making uniform quality concrete.It meets ASTM C 494 requirements for Type A water reducing, Type B retarding, and Type D retarding and water reducing admixtures.[:]\" \/>\n<meta property=\"og:url\" content=\"http:\/\/asiamortar.com.vn\/san-pham\/am-r10\/\" \/>\n<meta property=\"og:site_name\" content=\"ASIA MORTAR\" \/>\n<meta property=\"article:modified_time\" content=\"2020-09-24T07:35:04+00:00\" \/>\n<meta name=\"twitter:card\" content=\"summary_large_image\" \/>\n<meta name=\"twitter:label1\" content=\"\u4f5c\u8005\">\n\t<meta name=\"twitter:data1\" content=\"Kh\u00e1ch H\u00e0ng Admin\">\n\t<meta name=\"twitter:label2\" content=\"\u9884\u8ba1\u9605\u8bfb\u65f6\u95f4\">\n\t<meta name=\"twitter:data2\" content=\"1\u5206\">\n<script type=\"application\/ld+json\" class=\"yoast-schema-graph\">{\"@context\":\"https:\/\/schema.org\",\"@graph\":[{\"@type\":\"WebSite\",\"@id\":\"https:\/\/asiamortar.com.vn\/ja\/#website\",\"url\":\"https:\/\/asiamortar.com.vn\/ja\/\",\"name\":\"ASIA MORTAR\",\"description\":\"\",\"potentialAction\":[{\"@type\":\"SearchAction\",\"target\":\"https:\/\/asiamortar.com.vn\/ja\/?s={search_term_string}\",\"query-input\":\"required name=search_term_string\"}],\"inLanguage\":\"zh-CN\"},{\"@type\":\"WebPage\",\"@id\":\"http:\/\/asiamortar.com.vn\/san-pham\/am-r10\/#webpage\",\"url\":\"http:\/\/asiamortar.com.vn\/san-pham\/am-r10\/\",\"name\":\"am R10 - ASIA MORTAR\",\"isPartOf\":{\"@id\":\"https:\/\/asiamortar.com.vn\/ja\/#website\"},\"datePublished\":\"2020-06-24T06:51:57+00:00\",\"dateModified\":\"2020-09-24T07:35:04+00:00\",\"inLanguage\":\"zh-CN\",\"potentialAction\":[{\"@type\":\"ReadAction\",\"target\":[\"http:\/\/asiamortar.com.vn\/san-pham\/am-r10\/\"]}]}]}<\/script>\n<!-- \/ Yoast SEO plugin. -->","_links":{"self":[{"href":"https:\/\/asiamortar.com.vn\/zh\/wp-json\/wp\/v2\/product\/463"}],"collection":[{"href":"https:\/\/asiamortar.com.vn\/zh\/wp-json\/wp\/v2\/product"}],"about":[{"href":"https:\/\/asiamortar.com.vn\/zh\/wp-json\/wp\/v2\/types\/product"}],"wp:attachment":[{"href":"https:\/\/asiamortar.com.vn\/zh\/wp-json\/wp\/v2\/media?parent=463"}],"curies":[{"name":"wp","href":"https:\/\/api.w.org\/{rel}","templated":true}]}}