{"id":517,"date":"2020-06-24T15:41:08","date_gmt":"2020-06-24T08:41:08","guid":{"rendered":"http:\/\/asiamortar.com.vn\/?post_type=product&#038;p=517"},"modified":"2020-09-26T00:51:27","modified_gmt":"2020-09-25T17:51:27","slug":"am-tilebond-fs","status":"publish","type":"product","link":"https:\/\/asiamortar.com.vn\/zh\/san-pham\/am-tilebond-fs\/","title":{"rendered":"am TileBond FS"},"content":{"rendered":"<p class=\"qtranxs-available-languages-message qtranxs-available-languages-message-zh\">\u5bf9\u4e0d\u8d77\uff0c\u6b64\u5185\u5bb9\u53ea\u9002\u7528\u4e8e<a href=\"https:\/\/asiamortar.com.vn\/vi\/wp-json\/wp\/v2\/product\/517\" class=\"qtranxs-available-language-link qtranxs-available-language-link-vi\" title=\"Ti\u1ebfng Vi\u1ec7t\">\u8d8a\u5357\u6587<\/a>\u548c<a href=\"https:\/\/asiamortar.com.vn\/en\/wp-json\/wp\/v2\/product\/517\" class=\"qtranxs-available-language-link qtranxs-available-language-link-en\" title=\"English\">\u7f8e\u5f0f\u82f1\u6587<\/a>\u3002<\/p>","protected":false},"excerpt":{"rendered":"<p class=\"qtranxs-available-languages-message qtranxs-available-languages-message-zh\">\u5bf9\u4e0d\u8d77\uff0c\u6b64\u5185\u5bb9\u53ea\u9002\u7528\u4e8e<a href=\"https:\/\/asiamortar.com.vn\/vi\/wp-json\/wp\/v2\/product\/517\" class=\"qtranxs-available-language-link qtranxs-available-language-link-vi\" title=\"Ti\u1ebfng Vi\u1ec7t\">\u8d8a\u5357\u6587<\/a>\u548c<a href=\"https:\/\/asiamortar.com.vn\/en\/wp-json\/wp\/v2\/product\/517\" class=\"qtranxs-available-language-link qtranxs-available-language-link-en\" title=\"English\">\u7f8e\u5f0f\u82f1\u6587<\/a>\u3002<\/p>\n","protected":false},"featured_media":611,"template":"","meta":[],"yoast_head":"<!-- This site is optimized with the Yoast SEO plugin v15.3 - https:\/\/yoast.com\/wordpress\/plugins\/seo\/ -->\n<meta name=\"robots\" content=\"index, follow, max-snippet:-1, max-image-preview:large, max-video-preview:-1\" \/>\n<link rel=\"canonical\" href=\"http:\/\/asiamortar.com.vn\/san-pham\/am-tilebond-fs\/\" \/>\n<meta property=\"og:locale\" content=\"zh_CN\" \/>\n<meta property=\"og:type\" content=\"article\" \/>\n<meta property=\"og:title\" content=\"am TileBond FS - ASIA MORTAR\" \/>\n<meta property=\"og:description\" content=\"[:vi]\u00a0 am TILEBOND l\u00e0 h\u1ed7n h\u1ee3p v\u1eefa d\u00e1n g\u1ea1ch cao c\u1ea5p g\u1ed1c xi m\u0103ng m\u1ed9t th\u00e0nh ph\u1ea7n, th\u00edch h\u1ee3p thi c\u00f4ng d\u00e1n g\u1ea1ch cho s\u00e0n, t\u01b0\u1eddng, khu v\u1ef1c trong nh\u00e0 v\u00e0 ngo\u00e0i tr\u1eddi\u2026Khi tr\u1ed9n am TILEBOND v\u1edbi am Latex 330\/302, \u0111\u1eb7c t\u00ednh c\u1ee7a keo d\u00e1n g\u1ea1ch s\u1ebd \u0111\u01b0\u1ee3c t\u0103ng c\u01b0\u1eddng v\u1ec1 \u0111\u1ed9 b\u00e1m d\u00ednh, kh\u1ea3 n\u0103ng kh\u00e1ng n\u01b0\u1edbc\u2026trong qu\u00e1 tr\u00ecnh thi c\u00f4ng v\u00e0 khi \u0111\u00e3 \u0111\u00f3ng r\u1eafn.[:en]am TILEBOND FS is a high quality fast set 2 - part cement-based tile adhesive designed for both internal and external tiling to walls and floors.[:]\" \/>\n<meta property=\"og:url\" content=\"http:\/\/asiamortar.com.vn\/san-pham\/am-tilebond-fs\/\" \/>\n<meta property=\"og:site_name\" content=\"ASIA MORTAR\" \/>\n<meta property=\"article:modified_time\" content=\"2020-09-25T17:51:27+00:00\" \/>\n<meta property=\"og:image\" content=\"https:\/\/asiamortar.com.vn\/wp-content\/uploads\/2020\/06\/am-Tilebond-FS.png\" \/>\n\t<meta property=\"og:image:width\" content=\"585\" \/>\n\t<meta property=\"og:image:height\" content=\"650\" \/>\n<meta name=\"twitter:card\" content=\"summary_large_image\" \/>\n<meta name=\"twitter:label1\" content=\"\u4f5c\u8005\">\n\t<meta name=\"twitter:data1\" content=\"Kh\u00e1ch H\u00e0ng Admin\">\n\t<meta name=\"twitter:label2\" content=\"\u9884\u8ba1\u9605\u8bfb\u65f6\u95f4\">\n\t<meta name=\"twitter:data2\" content=\"1\u5206\">\n<script type=\"application\/ld+json\" class=\"yoast-schema-graph\">{\"@context\":\"https:\/\/schema.org\",\"@graph\":[{\"@type\":\"WebSite\",\"@id\":\"https:\/\/asiamortar.com.vn\/ja\/#website\",\"url\":\"https:\/\/asiamortar.com.vn\/ja\/\",\"name\":\"ASIA MORTAR\",\"description\":\"\",\"potentialAction\":[{\"@type\":\"SearchAction\",\"target\":\"https:\/\/asiamortar.com.vn\/ja\/?s={search_term_string}\",\"query-input\":\"required name=search_term_string\"}],\"inLanguage\":\"zh-CN\"},{\"@type\":\"ImageObject\",\"@id\":\"http:\/\/asiamortar.com.vn\/san-pham\/am-tilebond-fs\/#primaryimage\",\"inLanguage\":\"zh-CN\",\"url\":\"https:\/\/asiamortar.com.vn\/wp-content\/uploads\/2020\/06\/am-Tilebond-FS.png\",\"width\":585,\"height\":650,\"caption\":\"Am Tilebond Fs\"},{\"@type\":\"WebPage\",\"@id\":\"http:\/\/asiamortar.com.vn\/san-pham\/am-tilebond-fs\/#webpage\",\"url\":\"http:\/\/asiamortar.com.vn\/san-pham\/am-tilebond-fs\/\",\"name\":\"am TileBond FS - ASIA MORTAR\",\"isPartOf\":{\"@id\":\"https:\/\/asiamortar.com.vn\/ja\/#website\"},\"primaryImageOfPage\":{\"@id\":\"http:\/\/asiamortar.com.vn\/san-pham\/am-tilebond-fs\/#primaryimage\"},\"datePublished\":\"2020-06-24T08:41:08+00:00\",\"dateModified\":\"2020-09-25T17:51:27+00:00\",\"inLanguage\":\"zh-CN\",\"potentialAction\":[{\"@type\":\"ReadAction\",\"target\":[\"http:\/\/asiamortar.com.vn\/san-pham\/am-tilebond-fs\/\"]}]}]}<\/script>\n<!-- \/ Yoast SEO plugin. -->","_links":{"self":[{"href":"https:\/\/asiamortar.com.vn\/zh\/wp-json\/wp\/v2\/product\/517"}],"collection":[{"href":"https:\/\/asiamortar.com.vn\/zh\/wp-json\/wp\/v2\/product"}],"about":[{"href":"https:\/\/asiamortar.com.vn\/zh\/wp-json\/wp\/v2\/types\/product"}],"wp:featuredmedia":[{"embeddable":true,"href":"https:\/\/asiamortar.com.vn\/zh\/wp-json\/wp\/v2\/media\/611"}],"wp:attachment":[{"href":"https:\/\/asiamortar.com.vn\/zh\/wp-json\/wp\/v2\/media?parent=517"}],"curies":[{"name":"wp","href":"https:\/\/api.w.org\/{rel}","templated":true}]}}