{"id":519,"date":"2020-06-24T15:43:19","date_gmt":"2020-06-24T08:43:19","guid":{"rendered":"http:\/\/asiamortar.com.vn\/?post_type=product&#038;p=519"},"modified":"2021-03-25T16:19:35","modified_gmt":"2021-03-25T09:19:35","slug":"am-epoxibond-203","status":"publish","type":"product","link":"https:\/\/asiamortar.com.vn\/zh\/san-pham\/am-epoxibond-203\/","title":{"rendered":"am EpoxiBond 203"},"content":{"rendered":"<p class=\"qtranxs-available-languages-message qtranxs-available-languages-message-zh\">\u5bf9\u4e0d\u8d77\uff0c\u6b64\u5185\u5bb9\u53ea\u9002\u7528\u4e8e<a href=\"https:\/\/asiamortar.com.vn\/vi\/wp-json\/wp\/v2\/product\/519\" class=\"qtranxs-available-language-link qtranxs-available-language-link-vi\" title=\"Ti\u1ebfng Vi\u1ec7t\">\u8d8a\u5357\u6587<\/a>\u548c<a href=\"https:\/\/asiamortar.com.vn\/en\/wp-json\/wp\/v2\/product\/519\" class=\"qtranxs-available-language-link qtranxs-available-language-link-en\" title=\"English\">\u7f8e\u5f0f\u82f1\u6587<\/a>\u3002<\/p>","protected":false},"excerpt":{"rendered":"<p class=\"qtranxs-available-languages-message qtranxs-available-languages-message-zh\">\u5bf9\u4e0d\u8d77\uff0c\u6b64\u5185\u5bb9\u53ea\u9002\u7528\u4e8e<a href=\"https:\/\/asiamortar.com.vn\/vi\/wp-json\/wp\/v2\/product\/519\" class=\"qtranxs-available-language-link qtranxs-available-language-link-vi\" title=\"Ti\u1ebfng Vi\u1ec7t\">\u8d8a\u5357\u6587<\/a>\u548c<a href=\"https:\/\/asiamortar.com.vn\/en\/wp-json\/wp\/v2\/product\/519\" class=\"qtranxs-available-language-link qtranxs-available-language-link-en\" title=\"English\">\u7f8e\u5f0f\u82f1\u6587<\/a>\u3002<\/p>\n","protected":false},"featured_media":2187,"template":"","meta":[],"yoast_head":"<!-- This site is optimized with the Yoast SEO plugin v15.3 - https:\/\/yoast.com\/wordpress\/plugins\/seo\/ -->\n<meta name=\"robots\" content=\"index, follow, max-snippet:-1, max-image-preview:large, max-video-preview:-1\" \/>\n<link rel=\"canonical\" href=\"https:\/\/asiamortar.com.vn\/san-pham\/am-epoxibond-203\/\" \/>\n<meta property=\"og:locale\" content=\"zh_CN\" \/>\n<meta property=\"og:type\" content=\"article\" \/>\n<meta property=\"og:title\" content=\"am EpoxiBond 203 - ASIA MORTAR\" \/>\n<meta property=\"og:description\" content=\"[:vi]am EPXIBOND 203 l\u00e0 s\u1ea3n ph\u1ea9m v\u1eefa l\u1ecfng nh\u1ef1a Epoxy 2 th\u00e0nh ph\u1ea7n c\u00f3 t\u00ednh kh\u00e1ng a x\u00edt v\u00e0 h\u00f3a ch\u1ea5t cao n\u00ean \u0111\u01b0\u1ee3c\u00a0 s\u1ef1 d\u1ee5ng cho c\u00e1c m\u1ee5c \u0111\u00edch k\u1ebft d\u00ednh, tr\u00e1m b\u00edt khe, m\u1ea1ch c\u1ee7a g\u1ea1ch ch\u1ecbu acid ho\u1eb7c d\u00f9ng s\u1eeda ch\u1eefa,tr\u00e1m b\u00edt v\u1ebft n\u1ee9t. S\u1ea3n ph\u1ea9m c\u00f3 2 m\u00e0u x\u00e1m v\u00e0 tr\u1eafng.[:en]am EPOXIBOND 203 is a 2-part chemical resistant, solvent free epoxy tile adhesive and grout suitable for tile fixing, sealing, grouting and repairs.\u00a0\u00a0 It is available in white and grey colour.[:]\" \/>\n<meta property=\"og:url\" content=\"https:\/\/asiamortar.com.vn\/san-pham\/am-epoxibond-203\/\" \/>\n<meta property=\"og:site_name\" content=\"ASIA MORTAR\" \/>\n<meta property=\"article:modified_time\" content=\"2021-03-25T09:19:35+00:00\" \/>\n<meta property=\"og:image\" content=\"https:\/\/asiamortar.com.vn\/wp-content\/uploads\/2020\/06\/AM-EPOXIBOND-203.png\" \/>\n\t<meta property=\"og:image:width\" content=\"585\" \/>\n\t<meta property=\"og:image:height\" content=\"650\" \/>\n<meta name=\"twitter:card\" content=\"summary_large_image\" \/>\n<meta name=\"twitter:label1\" content=\"\u4f5c\u8005\">\n\t<meta name=\"twitter:data1\" content=\"Kh\u00e1ch H\u00e0ng Admin\">\n\t<meta name=\"twitter:label2\" content=\"\u9884\u8ba1\u9605\u8bfb\u65f6\u95f4\">\n\t<meta name=\"twitter:data2\" content=\"1\u5206\">\n<script type=\"application\/ld+json\" class=\"yoast-schema-graph\">{\"@context\":\"https:\/\/schema.org\",\"@graph\":[{\"@type\":\"WebSite\",\"@id\":\"https:\/\/asiamortar.com.vn\/ja\/#website\",\"url\":\"https:\/\/asiamortar.com.vn\/ja\/\",\"name\":\"ASIA MORTAR\",\"description\":\"\",\"potentialAction\":[{\"@type\":\"SearchAction\",\"target\":\"https:\/\/asiamortar.com.vn\/ja\/?s={search_term_string}\",\"query-input\":\"required name=search_term_string\"}],\"inLanguage\":\"zh-CN\"},{\"@type\":\"ImageObject\",\"@id\":\"https:\/\/asiamortar.com.vn\/san-pham\/am-epoxibond-203\/#primaryimage\",\"inLanguage\":\"zh-CN\",\"url\":\"https:\/\/asiamortar.com.vn\/wp-content\/uploads\/2020\/06\/AM-EPOXIBOND-203.png\",\"width\":585,\"height\":650,\"caption\":\"Am Epoxibond 203\"},{\"@type\":\"WebPage\",\"@id\":\"https:\/\/asiamortar.com.vn\/san-pham\/am-epoxibond-203\/#webpage\",\"url\":\"https:\/\/asiamortar.com.vn\/san-pham\/am-epoxibond-203\/\",\"name\":\"am EpoxiBond 203 - ASIA MORTAR\",\"isPartOf\":{\"@id\":\"https:\/\/asiamortar.com.vn\/ja\/#website\"},\"primaryImageOfPage\":{\"@id\":\"https:\/\/asiamortar.com.vn\/san-pham\/am-epoxibond-203\/#primaryimage\"},\"datePublished\":\"2020-06-24T08:43:19+00:00\",\"dateModified\":\"2021-03-25T09:19:35+00:00\",\"inLanguage\":\"zh-CN\",\"potentialAction\":[{\"@type\":\"ReadAction\",\"target\":[\"https:\/\/asiamortar.com.vn\/san-pham\/am-epoxibond-203\/\"]}]}]}<\/script>\n<!-- \/ Yoast SEO plugin. -->","_links":{"self":[{"href":"https:\/\/asiamortar.com.vn\/zh\/wp-json\/wp\/v2\/product\/519"}],"collection":[{"href":"https:\/\/asiamortar.com.vn\/zh\/wp-json\/wp\/v2\/product"}],"about":[{"href":"https:\/\/asiamortar.com.vn\/zh\/wp-json\/wp\/v2\/types\/product"}],"wp:featuredmedia":[{"embeddable":true,"href":"https:\/\/asiamortar.com.vn\/zh\/wp-json\/wp\/v2\/media\/2187"}],"wp:attachment":[{"href":"https:\/\/asiamortar.com.vn\/zh\/wp-json\/wp\/v2\/media?parent=519"}],"curies":[{"name":"wp","href":"https:\/\/api.w.org\/{rel}","templated":true}]}}