{"id":527,"date":"2020-06-24T15:50:25","date_gmt":"2020-06-24T08:50:25","guid":{"rendered":"http:\/\/asiamortar.com.vn\/?post_type=product&#038;p=527"},"modified":"2023-03-15T14:26:16","modified_gmt":"2023-03-15T07:26:16","slug":"am-screed-sl-p-2","status":"publish","type":"product","link":"https:\/\/asiamortar.com.vn\/zh\/san-pham\/am-screed-sl-p-2\/","title":{"rendered":"am Screed SL (P)"},"content":{"rendered":"<p class=\"qtranxs-available-languages-message qtranxs-available-languages-message-zh\">\u5bf9\u4e0d\u8d77\uff0c\u6b64\u5185\u5bb9\u53ea\u9002\u7528\u4e8e<a href=\"https:\/\/asiamortar.com.vn\/vi\/wp-json\/wp\/v2\/product\/527\" class=\"qtranxs-available-language-link qtranxs-available-language-link-vi\" title=\"Ti\u1ebfng Vi\u1ec7t\">\u8d8a\u5357\u6587<\/a>\u548c<a href=\"https:\/\/asiamortar.com.vn\/en\/wp-json\/wp\/v2\/product\/527\" class=\"qtranxs-available-language-link qtranxs-available-language-link-en\" title=\"English\">\u7f8e\u5f0f\u82f1\u6587<\/a>\u3002<\/p>","protected":false},"excerpt":{"rendered":"<p class=\"qtranxs-available-languages-message qtranxs-available-languages-message-zh\">\u5bf9\u4e0d\u8d77\uff0c\u6b64\u5185\u5bb9\u53ea\u9002\u7528\u4e8e<a href=\"https:\/\/asiamortar.com.vn\/vi\/wp-json\/wp\/v2\/product\/527\" class=\"qtranxs-available-language-link qtranxs-available-language-link-vi\" title=\"Ti\u1ebfng Vi\u1ec7t\">\u8d8a\u5357\u6587<\/a>\u548c<a href=\"https:\/\/asiamortar.com.vn\/en\/wp-json\/wp\/v2\/product\/527\" class=\"qtranxs-available-language-link qtranxs-available-language-link-en\" title=\"English\">\u7f8e\u5f0f\u82f1\u6587<\/a>\u3002<\/p>\n","protected":false},"featured_media":0,"template":"","meta":[],"yoast_head":"<!-- This site is optimized with the Yoast SEO plugin v15.3 - https:\/\/yoast.com\/wordpress\/plugins\/seo\/ -->\n<meta name=\"robots\" content=\"index, follow, max-snippet:-1, max-image-preview:large, max-video-preview:-1\" \/>\n<link rel=\"canonical\" href=\"https:\/\/asiamortar.com.vn\/san-pham\/am-screed-sl-p-2\/\" \/>\n<meta property=\"og:locale\" content=\"zh_CN\" \/>\n<meta property=\"og:type\" content=\"article\" \/>\n<meta property=\"og:title\" content=\"[:vi]AM SCREED SL (P)[:en]AM SCREED SL (P)[:zh]am Screed SL (P)[:kh]am Screed SL (P) [:] - ASIA MORTAR\" \/>\n<meta property=\"og:description\" content=\"[:vi]  AM SCREED SL (P) l\u00e0 l\u1edbp ph\u1ee7 b\u1ec1 m\u1eb7t g\u1ed1c xi m\u0103ng l\u00e0 s\u1ea3n ph\u1ea9m t\u1ef1 san ph\u1eb3ng th\u01b0\u1eddng ho\u1eb7c nhanh, \u0111\u01b0\u1ee3c pha ch\u1ebf \u0111\u1eb7c bi\u1ec7t \u0111\u1ec3 t\u00e1i t\u1ea1o b\u1ec1 m\u1eb7t cho c\u00e1c b\u1ec1 m\u1eb7t n\u1eb1m ngang b\u00ean trong nh\u01b0 m\u1ed9t l\u1edbp ph\u1ee7 ch\u1ed1ng m\u00e0i m\u00f2n c\u00f4ng nghi\u1ec7p ho\u1eb7c th\u01b0\u01a1ng m\u1ea1i cho s\u00e0n. [:en]  AM SCREED SL (P) cementitious floor topping is a Normal or Rapid Set, self-levelling product specially formulated\u00a0 for the resurfacing for interior horizontal surfaces as a light-traffic industrial or commercial wear topping for floor. [:]\" \/>\n<meta property=\"og:url\" content=\"https:\/\/asiamortar.com.vn\/san-pham\/am-screed-sl-p-2\/\" \/>\n<meta property=\"og:site_name\" content=\"ASIA MORTAR\" \/>\n<meta property=\"article:modified_time\" content=\"2023-03-15T07:26:16+00:00\" \/>\n<meta name=\"twitter:card\" content=\"summary_large_image\" \/>\n<meta name=\"twitter:label1\" content=\"\u4f5c\u8005\">\n\t<meta name=\"twitter:data1\" content=\"Kh\u00e1ch H\u00e0ng Admin\">\n\t<meta name=\"twitter:label2\" content=\"\u9884\u8ba1\u9605\u8bfb\u65f6\u95f4\">\n\t<meta name=\"twitter:data2\" content=\"1\u5206\">\n<script type=\"application\/ld+json\" class=\"yoast-schema-graph\">{\"@context\":\"https:\/\/schema.org\",\"@graph\":[{\"@type\":\"WebSite\",\"@id\":\"https:\/\/asiamortar.com.vn\/ja\/#website\",\"url\":\"https:\/\/asiamortar.com.vn\/ja\/\",\"name\":\"ASIA MORTAR\",\"description\":\"\",\"potentialAction\":[{\"@type\":\"SearchAction\",\"target\":\"https:\/\/asiamortar.com.vn\/ja\/?s={search_term_string}\",\"query-input\":\"required name=search_term_string\"}],\"inLanguage\":\"zh-CN\"},{\"@type\":\"WebPage\",\"@id\":\"https:\/\/asiamortar.com.vn\/san-pham\/am-screed-sl-p-2\/#webpage\",\"url\":\"https:\/\/asiamortar.com.vn\/san-pham\/am-screed-sl-p-2\/\",\"name\":\"[:vi]AM SCREED SL (P)[:en]AM SCREED SL (P)[:zh]am Screed SL (P)[:kh]am Screed SL (P) [:] - ASIA MORTAR\",\"isPartOf\":{\"@id\":\"https:\/\/asiamortar.com.vn\/ja\/#website\"},\"datePublished\":\"2020-06-24T08:50:25+00:00\",\"dateModified\":\"2023-03-15T07:26:16+00:00\",\"inLanguage\":\"zh-CN\",\"potentialAction\":[{\"@type\":\"ReadAction\",\"target\":[\"https:\/\/asiamortar.com.vn\/san-pham\/am-screed-sl-p-2\/\"]}]}]}<\/script>\n<!-- \/ Yoast SEO plugin. -->","_links":{"self":[{"href":"https:\/\/asiamortar.com.vn\/zh\/wp-json\/wp\/v2\/product\/527"}],"collection":[{"href":"https:\/\/asiamortar.com.vn\/zh\/wp-json\/wp\/v2\/product"}],"about":[{"href":"https:\/\/asiamortar.com.vn\/zh\/wp-json\/wp\/v2\/types\/product"}],"wp:attachment":[{"href":"https:\/\/asiamortar.com.vn\/zh\/wp-json\/wp\/v2\/media?parent=527"}],"curies":[{"name":"wp","href":"https:\/\/api.w.org\/{rel}","templated":true}]}}