{"id":533,"date":"2020-06-24T15:54:17","date_gmt":"2020-06-24T08:54:17","guid":{"rendered":"http:\/\/asiamortar.com.vn\/?post_type=product&#038;p=533"},"modified":"2023-03-15T14:07:46","modified_gmt":"2023-03-15T07:07:46","slug":"am-epoxicote-405-f-pu-2","status":"publish","type":"product","link":"https:\/\/asiamortar.com.vn\/zh\/san-pham\/am-epoxicote-405-f-pu-2\/","title":{"rendered":"am Epoxicote 405 F PU"},"content":{"rendered":"<p class=\"qtranxs-available-languages-message qtranxs-available-languages-message-zh\">\u5bf9\u4e0d\u8d77\uff0c\u6b64\u5185\u5bb9\u53ea\u9002\u7528\u4e8e<a href=\"https:\/\/asiamortar.com.vn\/vi\/wp-json\/wp\/v2\/product\/533\" class=\"qtranxs-available-language-link qtranxs-available-language-link-vi\" title=\"Ti\u1ebfng Vi\u1ec7t\">\u8d8a\u5357\u6587<\/a>\u548c<a href=\"https:\/\/asiamortar.com.vn\/en\/wp-json\/wp\/v2\/product\/533\" class=\"qtranxs-available-language-link qtranxs-available-language-link-en\" title=\"English\">\u7f8e\u5f0f\u82f1\u6587<\/a>\u3002<\/p>","protected":false},"excerpt":{"rendered":"<p class=\"qtranxs-available-languages-message qtranxs-available-languages-message-zh\">\u5bf9\u4e0d\u8d77\uff0c\u6b64\u5185\u5bb9\u53ea\u9002\u7528\u4e8e<a href=\"https:\/\/asiamortar.com.vn\/vi\/wp-json\/wp\/v2\/product\/533\" class=\"qtranxs-available-language-link qtranxs-available-language-link-vi\" title=\"Ti\u1ebfng Vi\u1ec7t\">\u8d8a\u5357\u6587<\/a>\u548c<a href=\"https:\/\/asiamortar.com.vn\/en\/wp-json\/wp\/v2\/product\/533\" class=\"qtranxs-available-language-link qtranxs-available-language-link-en\" title=\"English\">\u7f8e\u5f0f\u82f1\u6587<\/a>\u3002<\/p>\n","protected":false},"featured_media":1312,"template":"","meta":[],"yoast_head":"<!-- This site is optimized with the Yoast SEO plugin v15.3 - https:\/\/yoast.com\/wordpress\/plugins\/seo\/ -->\n<meta name=\"robots\" content=\"index, follow, max-snippet:-1, max-image-preview:large, max-video-preview:-1\" \/>\n<link rel=\"canonical\" href=\"https:\/\/asiamortar.com.vn\/san-pham\/am-epoxicote-405-f-pu-2\/\" \/>\n<meta property=\"og:locale\" content=\"zh_CN\" \/>\n<meta property=\"og:type\" content=\"article\" \/>\n<meta property=\"og:title\" content=\"[:vi]AM EPOXICOTE 405F PU[:en]AM EPOXICOTE 405F PU[:zh]am Epoxicote 405 F PU[:kh]am Epoxicote 405 F PU [:] - ASIA MORTAR\" \/>\n<meta property=\"og:description\" content=\"[:vi]  AM EPOXICOTE 405F PU l\u00e0 l\u1edbp ph\u1ee7 polyurethane 02 th\u00e0nh ph\u1ea7n, kh\u00f4ng ch\u1ee9a dung m\u00f4i. S\u1ea3n ph\u1ea9m sau khi kh\u00f4 s\u1ebd t\u1ea1o l\u1edbp ho\u00e0n thi\u1ec7n b\u1ec1n v\u00e0 c\u00f3 \u0111\u1ed9 b\u00f3ng, c\u00f3 t\u00ednh linh ho\u1ea1t gi\u00fap s\u01a1n ch\u1ecbu \u0111\u01b0\u1ee3c c\u00e1c d\u1ecbch chuy\u1ec3n nh\u1ecf v\u00e0 c\u00e1c v\u1ebft r\u1ea1n do rung \u0111\u1ed9ng.  S\u1ea3n ph\u1ea9m c\u00f3 th\u1ec3 \u00e1p d\u1ee5ng l\u1ed9 thi\u00ean nh\u01b0 c\u00e1c b\u00e3i \u0111\u1eadu xe tr\u00ean m\u00e1i ho\u1eb7c ngo\u00e0i tr\u1eddi [:en]  AM EPOXICOTE 405F PU is a solvent free, two components, polyurethane based coating. The cured material provides tough and smooth surface finished with and including flexible capability to resist slightly movement and crack from vibration.\u00a0  It could be used for exposed areas such as roof car park or outdoor car park. [:]\" \/>\n<meta property=\"og:url\" content=\"https:\/\/asiamortar.com.vn\/san-pham\/am-epoxicote-405-f-pu-2\/\" \/>\n<meta property=\"og:site_name\" content=\"ASIA MORTAR\" \/>\n<meta property=\"article:modified_time\" content=\"2023-03-15T07:07:46+00:00\" \/>\n<meta property=\"og:image\" content=\"https:\/\/asiamortar.com.vn\/wp-content\/uploads\/2020\/06\/am-Epoxicote-405-F-PU-1.png\" \/>\n\t<meta property=\"og:image:width\" content=\"585\" \/>\n\t<meta property=\"og:image:height\" content=\"650\" \/>\n<meta name=\"twitter:card\" content=\"summary_large_image\" \/>\n<meta name=\"twitter:label1\" content=\"\u4f5c\u8005\">\n\t<meta name=\"twitter:data1\" content=\"Kh\u00e1ch H\u00e0ng Admin\">\n\t<meta name=\"twitter:label2\" content=\"\u9884\u8ba1\u9605\u8bfb\u65f6\u95f4\">\n\t<meta name=\"twitter:data2\" content=\"1\u5206\">\n<script type=\"application\/ld+json\" class=\"yoast-schema-graph\">{\"@context\":\"https:\/\/schema.org\",\"@graph\":[{\"@type\":\"WebSite\",\"@id\":\"https:\/\/asiamortar.com.vn\/ja\/#website\",\"url\":\"https:\/\/asiamortar.com.vn\/ja\/\",\"name\":\"ASIA MORTAR\",\"description\":\"\",\"potentialAction\":[{\"@type\":\"SearchAction\",\"target\":\"https:\/\/asiamortar.com.vn\/ja\/?s={search_term_string}\",\"query-input\":\"required name=search_term_string\"}],\"inLanguage\":\"zh-CN\"},{\"@type\":\"ImageObject\",\"@id\":\"https:\/\/asiamortar.com.vn\/san-pham\/am-epoxicote-405-f-pu-2\/#primaryimage\",\"inLanguage\":\"zh-CN\",\"url\":\"https:\/\/asiamortar.com.vn\/wp-content\/uploads\/2020\/06\/am-Epoxicote-405-F-PU-1.png\",\"width\":585,\"height\":650,\"caption\":\"Am Epoxicote 405 F Pu\"},{\"@type\":\"WebPage\",\"@id\":\"https:\/\/asiamortar.com.vn\/san-pham\/am-epoxicote-405-f-pu-2\/#webpage\",\"url\":\"https:\/\/asiamortar.com.vn\/san-pham\/am-epoxicote-405-f-pu-2\/\",\"name\":\"[:vi]AM EPOXICOTE 405F PU[:en]AM EPOXICOTE 405F PU[:zh]am Epoxicote 405 F PU[:kh]am Epoxicote 405 F PU [:] - ASIA MORTAR\",\"isPartOf\":{\"@id\":\"https:\/\/asiamortar.com.vn\/ja\/#website\"},\"primaryImageOfPage\":{\"@id\":\"https:\/\/asiamortar.com.vn\/san-pham\/am-epoxicote-405-f-pu-2\/#primaryimage\"},\"datePublished\":\"2020-06-24T08:54:17+00:00\",\"dateModified\":\"2023-03-15T07:07:46+00:00\",\"inLanguage\":\"zh-CN\",\"potentialAction\":[{\"@type\":\"ReadAction\",\"target\":[\"https:\/\/asiamortar.com.vn\/san-pham\/am-epoxicote-405-f-pu-2\/\"]}]}]}<\/script>\n<!-- \/ Yoast SEO plugin. -->","_links":{"self":[{"href":"https:\/\/asiamortar.com.vn\/zh\/wp-json\/wp\/v2\/product\/533"}],"collection":[{"href":"https:\/\/asiamortar.com.vn\/zh\/wp-json\/wp\/v2\/product"}],"about":[{"href":"https:\/\/asiamortar.com.vn\/zh\/wp-json\/wp\/v2\/types\/product"}],"wp:featuredmedia":[{"embeddable":true,"href":"https:\/\/asiamortar.com.vn\/zh\/wp-json\/wp\/v2\/media\/1312"}],"wp:attachment":[{"href":"https:\/\/asiamortar.com.vn\/zh\/wp-json\/wp\/v2\/media?parent=533"}],"curies":[{"name":"wp","href":"https:\/\/api.w.org\/{rel}","templated":true}]}}